{"id":9819,"date":"2021-11-18T14:10:00","date_gmt":"2021-11-18T19:10:00","guid":{"rendered":"https:\/\/unibac.edu.co\/webnueva\/?page_id=9819"},"modified":"2021-11-19T02:17:51","modified_gmt":"2021-11-19T07:17:51","slug":"inscripciones-abiertas-para-candidaturas-a-representante-de-los-docentes-ante-el-consejo-academico","status":"publish","type":"page","link":"https:\/\/unibac.edu.co\/webnueva\/inscripciones-abiertas-para-candidaturas-a-representante-de-los-docentes-ante-el-consejo-academico\/","title":{"rendered":"Inscripciones abiertas para candidaturas a Representante de los docentes ante el Consejo Acad\u00e9mico"},"content":{"rendered":"\t\t<div data-elementor-type=\"wp-page\" data-elementor-id=\"9819\" class=\"elementor elementor-9819\" data-elementor-settings=\"{&quot;ha_cmc_init_switcher&quot;:&quot;no&quot;}\">\n\t\t\t\t\t\t<section class=\"elementor-section elementor-top-section elementor-element elementor-element-2c868ec5 elementor-section-boxed elementor-section-height-default elementor-section-height-default\" data-id=\"2c868ec5\" data-element_type=\"section\" data-e-type=\"section\" data-settings=\"{&quot;_ha_eqh_enable&quot;:false}\">\n\t\t\t\t\t\t<div class=\"elementor-container elementor-column-gap-default\">\n\t\t\t\t\t<div class=\"elementor-column elementor-col-50 elementor-top-column elementor-element elementor-element-346a0f07\" data-id=\"346a0f07\" data-element_type=\"column\" data-e-type=\"column\">\n\t\t\t<div class=\"elementor-widget-wrap elementor-element-populated\">\n\t\t\t\t\t\t<div class=\"elementor-element elementor-element-41724dca elementor-widget elementor-widget-image\" data-id=\"41724dca\" data-element_type=\"widget\" data-e-type=\"widget\" data-widget_type=\"image.default\">\n\t\t\t\t<div class=\"elementor-widget-container\">\n\t\t\t\t\t\t\t\t\t\t\t\t\t\t\t<img fetchpriority=\"high\" decoding=\"async\" width=\"781\" height=\"521\" src=\"https:\/\/unibac.edu.co\/webnueva\/wp-content\/uploads\/2021\/06\/unibac_1-1.jpg\" class=\"attachment-large size-large wp-image-8263\" alt=\"\" \/>\t\t\t\t\t\t\t\t\t\t\t\t\t\t\t<\/div>\n\t\t\t\t<\/div>\n\t\t\t\t<div class=\"elementor-element elementor-element-7457e24a elementor-widget elementor-widget-gva-heading-block\" data-id=\"7457e24a\" data-element_type=\"widget\" data-e-type=\"widget\" data-widget_type=\"gva-heading-block.default\">\n\t\t\t\t<div class=\"elementor-widget-container\">\n\t\t\t\t\t<div class=\"gva-element-gva-heading-block gva-element\">   <div class=\"align-left style-1 widget gsc-heading\">\r\n      <div class=\"content-inner\">\r\n         \r\n                  \r\n                  \r\n                     <h2 class=\"title\">\r\n               <span>Noticias<\/span>\r\n            <\/h2>\r\n         \r\n                     <div class=\"sub-title\"><span>Inscripciones abiertas para candidaturas a Representante de los docentes ante el Consejo Acad\u00e9mico<\/span><\/div>\r\n          \r\n\r\n         \r\n         \r\n      <\/div>\r\n   <\/div>\r\n   <div class=\"clearfix\"><\/div>\r\n<\/div>\t\t\t\t<\/div>\n\t\t\t\t<\/div>\n\t\t\t\t<div class=\"elementor-element elementor-element-a40ccf7 elementor-widget elementor-widget-text-editor\" data-id=\"a40ccf7\" data-element_type=\"widget\" data-e-type=\"widget\" data-widget_type=\"text-editor.default\">\n\t\t\t\t<div class=\"elementor-widget-container\">\n\t\t\t\t\t\t\t\t\t<p class=\"x_MsoNormal\"><b>Cartagena de Indias, 18 de noviembre de 2021.<\/b>\u00a0La Instituci\u00f3n Universitaria Bellas Artes y Ciencias de Bol\u00edvar (Unibac), convoca a sus docentes de planta a inscribirse como candidatos para las elecciones de su representante ante el Consejo Acad\u00e9mico.<\/p><p class=\"x_MsoNormal\">Pueden ser candidatos y participar en la elecci\u00f3n todos los docentes de planta que demuestren estar vinculados a la Instituci\u00f3n y que no hayan sido sancionados acad\u00e9mica o disciplinariamente. Asimismo, podr\u00e1n ser representantes de los docentes en el Consejo Acad\u00e9mico quienes, en la fecha de elecci\u00f3n, sean docentes de dedicaci\u00f3n exclusiva o tiempo completo, haber estado vinculado en forma continua como docente de Unibac los \u00faltimos cinco a\u00f1os y no haber sido suspendido o destituido.<\/p><p class=\"x_MsoNormal\">El nuevo representante del profesorado ante el Consejo Acad\u00e9mico ser\u00e1 elegido por los docentes que demuestren estar vinculados a esta Instituci\u00f3n Universitaria como docentes de tiempo completo y medio tiempo en los programas profesionales de la misma, en votaci\u00f3n universal, directa y secreta para un periodo de dos a\u00f1os.<\/p><p class=\"x_MsoNormal\">Las inscripciones para postularse como candidato estar\u00e1n abiertas entre el 22 y el 23 de noviembre de 2021, desde las 8:00 a.m. hasta las 7:00 p.m., y se realizar\u00e1n de forma presencial en la oficina de la Secretar\u00eda General.<\/p><p class=\"x_MsoNormal\">\u00a0<\/p><p class=\"x_MsoNormal\">La socializaci\u00f3n de las propuestas de los candidatos se realizar\u00e1 el 30 de noviembre del a\u00f1o en curso, en la hora y espacio que defina la Secretar\u00eda General de Unibac.<\/p><p class=\"x_MsoNormal\">\u00a0<\/p><p class=\"x_MsoNormal\">Las elecciones del Representante de los docentes ante el Consejo Acad\u00e9mico se realizar\u00e1n el 1 de diciembre de 2021, entre las 9:00 a.m. y 7:00 p.m.\u00a0en los pasillos del Patio de las Artes, del Complejo Universitario Unibac.<\/p><p class=\"x_MsoNormal\">\u00a0<\/p><p class=\"x_MsoNormal\">Los sufragantes al momento de la votaci\u00f3n deber\u00e1n presentar la c\u00e9dula de ciudadan\u00eda y carn\u00e9 de docente, o certificaci\u00f3n expedida por la oficina de Recursos Humanos donde demuestre que est\u00e1 vinculado como docente en la Instituci\u00f3n en un programa profesional.<\/p><p class=\"x_MsoNormal\" aria-hidden=\"true\">\u00a0<\/p><p class=\"x_MsoNormal\">Para solicitar m\u00e1s\u00a0informaci\u00f3n sobre este tema, acercarse a la oficina de Secretar\u00eda General o escribir al correo electr\u00f3nico\u00a0<u><a href=\"mailto:sec.general@unibac.edu.co\" target=\"_blank\" rel=\"noopener noreferrer\" data-auth=\"NotApplicable\" data-linkindex=\"6\">sec.general@unibac.edu.co<\/a><\/u><\/p><p class=\"x_MsoNormal\">\u00a0<\/p><ul><li class=\"x_MsoNormal\"><a href=\"https:\/\/unibac.edu.co\/webnueva\/wp-content\/uploads\/2021\/11\/RESOLUCION-542-2021.pdf\"><strong>Consulta aqu\u00ed la resoluci\u00f3n de convocatoria.<\/strong><\/a><\/li><\/ul><p class=\"x_MsoNormal\">\u00a0<\/p><p class=\"x_MsoNormal\">FIN DEL COMUNICADO.<\/p>\t\t\t\t\t\t\t\t<\/div>\n\t\t\t\t<\/div>\n\t\t\t\t\t<\/div>\n\t\t<\/div>\n\t\t\t\t<div class=\"elementor-column elementor-col-50 elementor-top-column elementor-element elementor-element-1b28ee9c\" data-id=\"1b28ee9c\" data-element_type=\"column\" data-e-type=\"column\">\n\t\t\t<div class=\"elementor-widget-wrap elementor-element-populated\">\n\t\t\t\t\t\t<div class=\"elementor-element elementor-element-512a9a69 elementor-widget elementor-widget-sidebar\" data-id=\"512a9a69\" data-element_type=\"widget\" data-e-type=\"widget\" data-widget_type=\"sidebar.default\">\n\t\t\t\t<div class=\"elementor-widget-container\">\n\t\t\t\t\t\n\t\t<aside id=\"recent-posts-3\" class=\"widget clearfix widget_recent_entries\">\n\t\t<h3 class=\"widget-title\"><span>\u00daltimas Noticias<\/span><\/h3>\n\t\t<ul>\n\t\t\t\t\t\t\t\t\t\t\t<li>\n\t\t\t\t\t<a href=\"https:\/\/unibac.edu.co\/webnueva\/presentacion-de-novedades-editoriales-unibac\/\">Presentaci\u00f3n de Novedades Editoriales \u2013 Unibac<\/a>\n\t\t\t\t\t\t\t\t\t\t\t<span class=\"post-date\">30 marzo, 2026<\/span>\n\t\t\t\t\t\t\t\t\t<\/li>\n\t\t\t\t\t\t\t\t\t\t\t<li>\n\t\t\t\t\t<a href=\"https:\/\/unibac.edu.co\/webnueva\/estudiantes-de-diseno-industrial-unibac-finalistas-en-green-product-award-alemania-con-productos-hechos-con-flores-yuca-y-alpiste\/\">Estudiantes de Dise\u00f1o Industrial Unibac, finalistas en Green Product Award (Alemania) con productos hechos con flores, yuca y alpiste<\/a>\n\t\t\t\t\t\t\t\t\t\t\t<span class=\"post-date\">19 marzo, 2026<\/span>\n\t\t\t\t\t\t\t\t\t<\/li>\n\t\t\t\t\t\t\t\t\t\t\t<li>\n\t\t\t\t\t<a href=\"https:\/\/unibac.edu.co\/webnueva\/la-toma-2026-manantial-creativo-en-trabajos-de-grado-de-estudiantes-unibac\/\">\u201cLa Toma 2026\u201d, manantial creativo en trabajos de grado de estudiantes Unibac<\/a>\n\t\t\t\t\t\t\t\t\t\t\t<span class=\"post-date\">10 marzo, 2026<\/span>\n\t\t\t\t\t\t\t\t\t<\/li>\n\t\t\t\t\t\t\t\t\t\t\t<li>\n\t\t\t\t\t<a href=\"https:\/\/unibac.edu.co\/webnueva\/docentes-eligieron-representantes-ante-el-consejo-directivo-y-el-consejo-academico-de-unibac\/\">Docentes eligieron representantes ante el Consejo Directivo y el Consejo Acad\u00e9mico de Unibac<\/a>\n\t\t\t\t\t\t\t\t\t\t\t<span class=\"post-date\">4 marzo, 2026<\/span>\n\t\t\t\t\t\t\t\t\t<\/li>\n\t\t\t\t\t\t\t\t\t\t\t<li>\n\t\t\t\t\t<a href=\"https:\/\/unibac.edu.co\/webnueva\/talento-de-exportacion-orquesta-sinfonica-brasilena-vincula-a-violinista-de-unibac\/\">Talento de exportaci\u00f3n: Orquesta sinf\u00f3nica brasile\u00f1a vincula a violinista de Unibac<\/a>\n\t\t\t\t\t\t\t\t\t\t\t<span class=\"post-date\">25 febrero, 2026<\/span>\n\t\t\t\t\t\t\t\t\t<\/li>\n\t\t\t\t\t<\/ul>\n\n\t\t<\/aside>\t\t\t\t<\/div>\n\t\t\t\t<\/div>\n\t\t\t\t\t<\/div>\n\t\t<\/div>\n\t\t\t\t\t<\/div>\n\t\t<\/section>\n\t\t\t\t<\/div>\n\t\t","protected":false},"excerpt":{"rendered":"<p>Noticias Inscripciones abiertas para candidaturas a Representante de los docentes ante el Consejo Acad\u00e9mico Cartagena de Indias, 18 de noviembre [&hellip;]<\/p>\n","protected":false},"author":3,"featured_media":0,"parent":0,"menu_order":0,"comment_status":"closed","ping_status":"closed","template":"","meta":{"footnotes":""},"class_list":["post-9819","page","type-page","status-publish","hentry"],"_links":{"self":[{"href":"https:\/\/unibac.edu.co\/webnueva\/wp-json\/wp\/v2\/pages\/9819","targetHints":{"allow":["GET"]}}],"collection":[{"href":"https:\/\/unibac.edu.co\/webnueva\/wp-json\/wp\/v2\/pages"}],"about":[{"href":"https:\/\/unibac.edu.co\/webnueva\/wp-json\/wp\/v2\/types\/page"}],"author":[{"embeddable":true,"href":"https:\/\/unibac.edu.co\/webnueva\/wp-json\/wp\/v2\/users\/3"}],"replies":[{"embeddable":true,"href":"https:\/\/unibac.edu.co\/webnueva\/wp-json\/wp\/v2\/comments?post=9819"}],"version-history":[{"count":4,"href":"https:\/\/unibac.edu.co\/webnueva\/wp-json\/wp\/v2\/pages\/9819\/revisions"}],"predecessor-version":[{"id":9830,"href":"https:\/\/unibac.edu.co\/webnueva\/wp-json\/wp\/v2\/pages\/9819\/revisions\/9830"}],"wp:attachment":[{"href":"https:\/\/unibac.edu.co\/webnueva\/wp-json\/wp\/v2\/media?parent=9819"}],"curies":[{"name":"wp","href":"https:\/\/api.w.org\/{rel}","templated":true}]}}