{"id":7843,"date":"2021-06-30T03:46:46","date_gmt":"2021-06-30T08:46:46","guid":{"rendered":"https:\/\/www.unibac.telecso.co\/?page_id=7843"},"modified":"2021-12-05T04:36:00","modified_gmt":"2021-12-05T09:36:00","slug":"reingreso-homologaciones-y-transferencias","status":"publish","type":"page","link":"https:\/\/unibac.edu.co\/webnueva\/reingreso-homologaciones-y-transferencias\/","title":{"rendered":"Reingreso, Homologaciones y Transferencias"},"content":{"rendered":"\t\t<div data-elementor-type=\"wp-page\" data-elementor-id=\"7843\" class=\"elementor elementor-7843\" data-elementor-settings=\"{&quot;ha_cmc_init_switcher&quot;:&quot;no&quot;}\">\n\t\t\t\t\t\t<section class=\"elementor-section elementor-top-section elementor-element elementor-element-3b5142ec elementor-section-full_width elementor-section-height-min-height elementor-section-stretched elementor-section-height-default elementor-section-items-middle\" data-id=\"3b5142ec\" data-element_type=\"section\" data-e-type=\"section\" data-settings=\"{&quot;stretch_section&quot;:&quot;section-stretched&quot;,&quot;background_background&quot;:&quot;classic&quot;,&quot;_ha_eqh_enable&quot;:false}\">\n\t\t\t\t\t\t<div class=\"elementor-container elementor-column-gap-default\">\n\t\t\t\t\t<div class=\"elementor-column elementor-col-100 elementor-top-column elementor-element elementor-element-424f90ea\" data-id=\"424f90ea\" data-element_type=\"column\" data-e-type=\"column\">\n\t\t\t<div class=\"elementor-widget-wrap\">\n\t\t\t\t\t\t\t<\/div>\n\t\t<\/div>\n\t\t\t\t\t<\/div>\n\t\t<\/section>\n\t\t\t\t<section class=\"elementor-section elementor-top-section elementor-element elementor-element-57d2cb35 elementor-section-full_width elementor-section-stretched elementor-section-height-default elementor-section-height-default\" data-id=\"57d2cb35\" data-element_type=\"section\" data-e-type=\"section\" data-settings=\"{&quot;stretch_section&quot;:&quot;section-stretched&quot;,&quot;_ha_eqh_enable&quot;:false}\">\n\t\t\t\t\t\t<div class=\"elementor-container elementor-column-gap-default\">\n\t\t\t\t\t<div class=\"elementor-column elementor-col-100 elementor-top-column elementor-element elementor-element-27649ec\" data-id=\"27649ec\" data-element_type=\"column\" data-e-type=\"column\">\n\t\t\t<div class=\"elementor-widget-wrap elementor-element-populated\">\n\t\t\t\t\t\t<section class=\"elementor-section elementor-inner-section elementor-element elementor-element-4ae3aff0 elementor-section-full_width elementor-section-height-default elementor-section-height-default\" data-id=\"4ae3aff0\" data-element_type=\"section\" data-e-type=\"section\" data-settings=\"{&quot;_ha_eqh_enable&quot;:false}\">\n\t\t\t\t\t\t<div class=\"elementor-container elementor-column-gap-default\">\n\t\t\t\t\t<div class=\"elementor-column elementor-col-50 elementor-inner-column elementor-element elementor-element-3ec03e29\" data-id=\"3ec03e29\" data-element_type=\"column\" data-e-type=\"column\" data-settings=\"{&quot;background_background&quot;:&quot;classic&quot;}\">\n\t\t\t<div class=\"elementor-widget-wrap elementor-element-populated\">\n\t\t\t\t\t\t<div class=\"elementor-element elementor-element-555c8e06 elementor-widget elementor-widget-heading\" data-id=\"555c8e06\" data-element_type=\"widget\" data-e-type=\"widget\" data-widget_type=\"heading.default\">\n\t\t\t\t<div class=\"elementor-widget-container\">\n\t\t\t\t\t<h2 class=\"elementor-heading-title elementor-size-default\">Investigaci\u00f3n<\/h2>\t\t\t\t<\/div>\n\t\t\t\t<\/div>\n\t\t\t\t<div class=\"elementor-element elementor-element-1c62a224 elementor-align-justify elementor-widget elementor-widget-button\" data-id=\"1c62a224\" data-element_type=\"widget\" data-e-type=\"widget\" data-widget_type=\"button.default\">\n\t\t\t\t<div class=\"elementor-widget-container\">\n\t\t\t\t\t\t\t\t\t<div class=\"elementor-button-wrapper\">\n\t\t\t\t\t<a class=\"elementor-button elementor-button-link elementor-size-sm\" href=\"https:\/\/unibac.edu.co\/webnueva\/inscripciones\/\">\n\t\t\t\t\t\t<span class=\"elementor-button-content-wrapper\">\n\t\t\t\t\t\t<span class=\"elementor-button-icon\">\n\t\t\t\t<i aria-hidden=\"true\" class=\"fas fa-angle-right\"><\/i>\t\t\t<\/span>\n\t\t\t\t\t\t\t\t\t<span class=\"elementor-button-text\">Inscripciones<\/span>\n\t\t\t\t\t<\/span>\n\t\t\t\t\t<\/a>\n\t\t\t\t<\/div>\n\t\t\t\t\t\t\t\t<\/div>\n\t\t\t\t<\/div>\n\t\t\t\t<div class=\"elementor-element elementor-element-71e3e7c0 elementor-align-justify elementor-widget elementor-widget-button\" data-id=\"71e3e7c0\" data-element_type=\"widget\" data-e-type=\"widget\" data-widget_type=\"button.default\">\n\t\t\t\t<div class=\"elementor-widget-container\">\n\t\t\t\t\t\t\t\t\t<div class=\"elementor-button-wrapper\">\n\t\t\t\t\t<a class=\"elementor-button elementor-button-link elementor-size-sm\" href=\"https:\/\/unibac.edu.co\/webnueva\/matriculas\/\">\n\t\t\t\t\t\t<span class=\"elementor-button-content-wrapper\">\n\t\t\t\t\t\t<span class=\"elementor-button-icon\">\n\t\t\t\t<i aria-hidden=\"true\" class=\"fas fa-angle-right\"><\/i>\t\t\t<\/span>\n\t\t\t\t\t\t\t\t\t<span class=\"elementor-button-text\">Matr\u00edculas<\/span>\n\t\t\t\t\t<\/span>\n\t\t\t\t\t<\/a>\n\t\t\t\t<\/div>\n\t\t\t\t\t\t\t\t<\/div>\n\t\t\t\t<\/div>\n\t\t\t\t<div class=\"elementor-element elementor-element-6954206d elementor-align-justify elementor-widget elementor-widget-button\" data-id=\"6954206d\" data-element_type=\"widget\" data-e-type=\"widget\" data-widget_type=\"button.default\">\n\t\t\t\t<div class=\"elementor-widget-container\">\n\t\t\t\t\t\t\t\t\t<div class=\"elementor-button-wrapper\">\n\t\t\t\t\t<a class=\"elementor-button elementor-button-link elementor-size-sm\" href=\"https:\/\/unibac.edu.co\/webnueva\/derechos-pecuniarios\/\">\n\t\t\t\t\t\t<span class=\"elementor-button-content-wrapper\">\n\t\t\t\t\t\t<span class=\"elementor-button-icon\">\n\t\t\t\t<i aria-hidden=\"true\" class=\"fas fa-angle-right\"><\/i>\t\t\t<\/span>\n\t\t\t\t\t\t\t\t\t<span class=\"elementor-button-text\">derechos pecuniarios<\/span>\n\t\t\t\t\t<\/span>\n\t\t\t\t\t<\/a>\n\t\t\t\t<\/div>\n\t\t\t\t\t\t\t\t<\/div>\n\t\t\t\t<\/div>\n\t\t\t\t<div class=\"elementor-element elementor-element-361cacd4 elementor-align-justify elementor-widget elementor-widget-button\" data-id=\"361cacd4\" data-element_type=\"widget\" data-e-type=\"widget\" data-widget_type=\"button.default\">\n\t\t\t\t<div class=\"elementor-widget-container\">\n\t\t\t\t\t\t\t\t\t<div class=\"elementor-button-wrapper\">\n\t\t\t\t\t<a class=\"elementor-button elementor-button-link elementor-size-sm\" href=\"https:\/\/unibac.edu.co\/webnueva\/requisitos-de-grado\/\">\n\t\t\t\t\t\t<span class=\"elementor-button-content-wrapper\">\n\t\t\t\t\t\t<span class=\"elementor-button-icon\">\n\t\t\t\t<i aria-hidden=\"true\" class=\"fas fa-angle-right\"><\/i>\t\t\t<\/span>\n\t\t\t\t\t\t\t\t\t<span class=\"elementor-button-text\">requisitos de grado<\/span>\n\t\t\t\t\t<\/span>\n\t\t\t\t\t<\/a>\n\t\t\t\t<\/div>\n\t\t\t\t\t\t\t\t<\/div>\n\t\t\t\t<\/div>\n\t\t\t\t<div class=\"elementor-element elementor-element-45c19ec elementor-align-justify elementor-widget elementor-widget-button\" data-id=\"45c19ec\" data-element_type=\"widget\" data-e-type=\"widget\" data-widget_type=\"button.default\">\n\t\t\t\t<div class=\"elementor-widget-container\">\n\t\t\t\t\t\t\t\t\t<div class=\"elementor-button-wrapper\">\n\t\t\t\t\t<a class=\"elementor-button elementor-button-link elementor-size-sm\" href=\"https:\/\/unibac.edu.co\/webnueva\/reingreso-homologaciones-y-transferencias\/\">\n\t\t\t\t\t\t<span class=\"elementor-button-content-wrapper\">\n\t\t\t\t\t\t<span class=\"elementor-button-icon\">\n\t\t\t\t<i aria-hidden=\"true\" class=\"fas fa-angle-right\"><\/i>\t\t\t<\/span>\n\t\t\t\t\t\t\t\t\t<span class=\"elementor-button-text\">Reingreso, homologaciones y transferencias<\/span>\n\t\t\t\t\t<\/span>\n\t\t\t\t\t<\/a>\n\t\t\t\t<\/div>\n\t\t\t\t\t\t\t\t<\/div>\n\t\t\t\t<\/div>\n\t\t\t\t<div class=\"elementor-element elementor-element-6742cc35 elementor-align-justify elementor-widget elementor-widget-button\" data-id=\"6742cc35\" data-element_type=\"widget\" data-e-type=\"widget\" data-widget_type=\"button.default\">\n\t\t\t\t<div class=\"elementor-widget-container\">\n\t\t\t\t\t\t\t\t\t<div class=\"elementor-button-wrapper\">\n\t\t\t\t\t<a class=\"elementor-button elementor-button-link elementor-size-sm\" href=\"https:\/\/unibac.edu.co\/webnueva\/pensum-de-admision-al-ciclo-basico-avanzado\/\">\n\t\t\t\t\t\t<span class=\"elementor-button-content-wrapper\">\n\t\t\t\t\t\t<span class=\"elementor-button-icon\">\n\t\t\t\t<i aria-hidden=\"true\" class=\"fas fa-angle-right\"><\/i>\t\t\t<\/span>\n\t\t\t\t\t\t\t\t\t<span class=\"elementor-button-text\">ciclo b\u00e1sico avanzado (m\u00fasica)<\/span>\n\t\t\t\t\t<\/span>\n\t\t\t\t\t<\/a>\n\t\t\t\t<\/div>\n\t\t\t\t\t\t\t\t<\/div>\n\t\t\t\t<\/div>\n\t\t\t\t<div class=\"elementor-element elementor-element-40367aa8 elementor-align-justify elementor-widget elementor-widget-button\" data-id=\"40367aa8\" data-element_type=\"widget\" data-e-type=\"widget\" data-widget_type=\"button.default\">\n\t\t\t\t<div class=\"elementor-widget-container\">\n\t\t\t\t\t\t\t\t\t<div class=\"elementor-button-wrapper\">\n\t\t\t\t\t<a class=\"elementor-button elementor-button-link elementor-size-sm\" href=\"https:\/\/unibac.edu.co\/cargar_imagen.php?tipo=3&#038;id=2338&#038;disposition=inline\" target=\"_blank\">\n\t\t\t\t\t\t<span class=\"elementor-button-content-wrapper\">\n\t\t\t\t\t\t<span class=\"elementor-button-icon\">\n\t\t\t\t<i aria-hidden=\"true\" class=\"fas fa-angle-right\"><\/i>\t\t\t<\/span>\n\t\t\t\t\t\t\t\t\t<span class=\"elementor-button-text\">calendario acad\u00e9mico 2021<\/span>\n\t\t\t\t\t<\/span>\n\t\t\t\t\t<\/a>\n\t\t\t\t<\/div>\n\t\t\t\t\t\t\t\t<\/div>\n\t\t\t\t<\/div>\n\t\t\t\t\t<\/div>\n\t\t<\/div>\n\t\t\t\t<div class=\"elementor-column elementor-col-50 elementor-inner-column elementor-element elementor-element-128b5f78\" data-id=\"128b5f78\" data-element_type=\"column\" data-e-type=\"column\">\n\t\t\t<div class=\"elementor-widget-wrap elementor-element-populated\">\n\t\t\t\t\t\t<div class=\"elementor-element elementor-element-5633d3a8 elementor-widget elementor-widget-gva-heading-block\" data-id=\"5633d3a8\" data-element_type=\"widget\" data-e-type=\"widget\" data-widget_type=\"gva-heading-block.default\">\n\t\t\t\t<div class=\"elementor-widget-container\">\n\t\t\t\t\t<div class=\"gva-element-gva-heading-block gva-element\">   <div class=\"align-left style-1 widget gsc-heading\">\r\n      <div class=\"content-inner\">\r\n         \r\n                  \r\n                  \r\n                     <h2 class=\"title\">\r\n               <span>Admisiones<\/span>\r\n            <\/h2>\r\n         \r\n                     <div class=\"sub-title\"><span>Reingreso, Homologaciones y Transferencias<\/span><\/div>\r\n          \r\n\r\n         \r\n         \r\n      <\/div>\r\n   <\/div>\r\n   <div class=\"clearfix\"><\/div>\r\n<\/div>\t\t\t\t<\/div>\n\t\t\t\t<\/div>\n\t\t\t\t<div class=\"elementor-element elementor-element-60b5edfe elementor-widget elementor-widget-text-editor\" data-id=\"60b5edfe\" data-element_type=\"widget\" data-e-type=\"widget\" data-widget_type=\"text-editor.default\">\n\t\t\t\t<div class=\"elementor-widget-container\">\n\t\t\t\t\t\t\t\t\t<div align=\"left\"><p>Estos son los tr\u00e1mites que debe realizar para adelantar procesos de reingresos, homologaciones y transferencias internas de un programa a otro, en la Instituci\u00f3n Universitaria Bellas Artes y Ciencias de Bol\u00edvar (Unibac).<\/p><\/div>\t\t\t\t\t\t\t\t<\/div>\n\t\t\t\t<\/div>\n\t\t\t\t<div class=\"elementor-element elementor-element-2cc5fd2 elementor-widget elementor-widget-image\" data-id=\"2cc5fd2\" data-element_type=\"widget\" data-e-type=\"widget\" data-widget_type=\"image.default\">\n\t\t\t\t<div class=\"elementor-widget-container\">\n\t\t\t\t\t\t\t\t\t\t\t\t\t\t\t<img fetchpriority=\"high\" decoding=\"async\" width=\"900\" height=\"396\" src=\"https:\/\/unibac.edu.co\/webnueva\/wp-content\/uploads\/2021\/06\/rem_4-1-1024x451.jpg\" class=\"attachment-large size-large wp-image-7846\" alt=\"\" \/>\t\t\t\t\t\t\t\t\t\t\t\t\t\t\t<\/div>\n\t\t\t\t<\/div>\n\t\t\t\t\t<\/div>\n\t\t<\/div>\n\t\t\t\t\t<\/div>\n\t\t<\/section>\n\t\t\t\t\t<\/div>\n\t\t<\/div>\n\t\t\t\t\t<\/div>\n\t\t<\/section>\n\t\t\t\t<section class=\"elementor-section elementor-top-section elementor-element elementor-element-b1fcb95 elementor-section-full_width elementor-section-stretched elementor-section-height-default elementor-section-height-default\" data-id=\"b1fcb95\" data-element_type=\"section\" data-e-type=\"section\" data-settings=\"{&quot;stretch_section&quot;:&quot;section-stretched&quot;,&quot;background_background&quot;:&quot;classic&quot;,&quot;_ha_eqh_enable&quot;:false}\">\n\t\t\t\t\t\t<div class=\"elementor-container elementor-column-gap-default\">\n\t\t\t\t\t<div class=\"elementor-column elementor-col-100 elementor-top-column elementor-element elementor-element-6540a0fb\" data-id=\"6540a0fb\" data-element_type=\"column\" data-e-type=\"column\">\n\t\t\t<div class=\"elementor-widget-wrap elementor-element-populated\">\n\t\t\t\t\t\t<div class=\"elementor-element elementor-element-22236fa7 elementor-widget elementor-widget-spacer\" data-id=\"22236fa7\" data-element_type=\"widget\" data-e-type=\"widget\" data-widget_type=\"spacer.default\">\n\t\t\t\t<div class=\"elementor-widget-container\">\n\t\t\t\t\t\t\t<div class=\"elementor-spacer\">\n\t\t\t<div class=\"elementor-spacer-inner\"><\/div>\n\t\t<\/div>\n\t\t\t\t\t\t<\/div>\n\t\t\t\t<\/div>\n\t\t\t\t<div class=\"elementor-element elementor-element-336b371f elementor-widget elementor-widget-accordion\" data-id=\"336b371f\" data-element_type=\"widget\" data-e-type=\"widget\" data-widget_type=\"accordion.default\">\n\t\t\t\t<div class=\"elementor-widget-container\">\n\t\t\t\t\t\t\t<div class=\"elementor-accordion\">\n\t\t\t\t\t\t\t<div class=\"elementor-accordion-item\">\n\t\t\t\t\t<div id=\"elementor-tab-title-8621\" class=\"elementor-tab-title\" data-tab=\"1\" role=\"button\" aria-controls=\"elementor-tab-content-8621\" aria-expanded=\"false\">\n\t\t\t\t\t\t\t\t\t\t\t\t\t<span class=\"elementor-accordion-icon elementor-accordion-icon-left\" aria-hidden=\"true\">\n\t\t\t\t\t\t\t\t\t\t\t\t\t\t\t<span class=\"elementor-accordion-icon-closed\"><i class=\"fas fa-arrow-alt-circle-down\"><\/i><\/span>\n\t\t\t\t\t\t\t\t<span class=\"elementor-accordion-icon-opened\"><i class=\"fas fa-arrow-alt-circle-right\"><\/i><\/span>\n\t\t\t\t\t\t\t\t\t\t\t\t\t\t<\/span>\n\t\t\t\t\t\t\t\t\t\t\t\t<a class=\"elementor-accordion-title\" tabindex=\"0\">reingresos<\/a>\n\t\t\t\t\t<\/div>\n\t\t\t\t\t<div id=\"elementor-tab-content-8621\" class=\"elementor-tab-content elementor-clearfix\" data-tab=\"1\" role=\"region\" aria-labelledby=\"elementor-tab-title-8621\"><p>Pueden ser readmitidos como estudiantes de los programas acad\u00e9micos, aquellos que, habiendo sido estudiantes de la Instituci\u00f3n, as\u00ed lo soliciten y no hayan sido objeto de sanciones acad\u00e9micas o disciplinarias que le impidan su reingreso y cumplan los siguientes requisitos espec\u00edficos:<\/p><ol><li>Evidencia que el aspirante hubiere solicitado y diligenciado su retiro en debida forma.<\/li><li>La solicitud de reingreso debe presentarse dentro de los tres (3) a\u00f1os siguientes a la fecha de su retiro si este fue voluntario, o de haber cumplido el t\u00e9rmino de la decisi\u00f3n administrativa o disciplinaria, si el retiro obedeci\u00f3 a sanci\u00f3n acad\u00e9mica o disciplinaria, en la que hubiere lugar a reingreso.<\/li><li>Original paz y salvo financiero expedido por el \u00c1rea Contable de Unibac.<\/li><li>Dos (2) copias de recibo de servicios p\u00fablicos del sitio donde reside.<\/li><li>Dos (2) copias de la Declaraci\u00f3n de renta o certificado de ingresos y retenciones del aspirante y\/o de sus padres y\/o acudiente seg\u00fan corresponda o certificaci\u00f3n de no declarante avalada por contador p\u00fablico.<\/li><li>Actualizaci\u00f3n del documento de identidad en caso de que haya lugar a ello.<\/li><\/ol><p>Si la solicitud de reingreso se presenta posterior a los tres (3) a\u00f1os siguientes a la fecha de su retiro, el aspirante debe cumplir con los requisitos establecidos en este art\u00edculo y en todo caso se le aplicar\u00e1 lo establecido en el presente reglamento.<\/p><p>\u00a0A los estudiantes de reingreso que no hayan superado los tres (3) a\u00f1os de retiro de la Instituci\u00f3n, les rige el Plan de Estudios vigente para el programa acad\u00e9mico respectivo al momento de su reingreso. En caso de haber variaciones con el existente al momento de su retiro, deber\u00e1 realizar homologaci\u00f3n y\/o validaci\u00f3n de las materias correspondientes.<\/p><p>\u00a0El estudiante que habiendo terminado acad\u00e9micamente y que no se ha graduado, tendr\u00e1 un plazo m\u00e1ximo de tres (3) a\u00f1os para adquirir su t\u00edtulo. El Consejo Acad\u00e9mico podr\u00e1 hacer excepciones a esta regla de acuerdo con los casos especiales, sin que exceda el t\u00e9rmino hasta por dos (2) a\u00f1os m\u00e1s.<\/p><\/div>\n\t\t\t\t<\/div>\n\t\t\t\t\t\t\t<div class=\"elementor-accordion-item\">\n\t\t\t\t\t<div id=\"elementor-tab-title-8622\" class=\"elementor-tab-title\" data-tab=\"2\" role=\"button\" aria-controls=\"elementor-tab-content-8622\" aria-expanded=\"false\">\n\t\t\t\t\t\t\t\t\t\t\t\t\t<span class=\"elementor-accordion-icon elementor-accordion-icon-left\" aria-hidden=\"true\">\n\t\t\t\t\t\t\t\t\t\t\t\t\t\t\t<span class=\"elementor-accordion-icon-closed\"><i class=\"fas fa-arrow-alt-circle-down\"><\/i><\/span>\n\t\t\t\t\t\t\t\t<span class=\"elementor-accordion-icon-opened\"><i class=\"fas fa-arrow-alt-circle-right\"><\/i><\/span>\n\t\t\t\t\t\t\t\t\t\t\t\t\t\t<\/span>\n\t\t\t\t\t\t\t\t\t\t\t\t<a class=\"elementor-accordion-title\" tabindex=\"0\">TRANSFERENCIAS INTERNAS Y EXTERNAS<\/a>\n\t\t\t\t\t<\/div>\n\t\t\t\t\t<div id=\"elementor-tab-content-8622\" class=\"elementor-tab-content elementor-clearfix\" data-tab=\"2\" role=\"region\" aria-labelledby=\"elementor-tab-title-8622\"><p>El estudiante en transferencia interna o externa, deber\u00e1 cumplir con los requisitos establecidos para la inscripci\u00f3n como estudiante nuevo y adem\u00e1s deber\u00e1 allegar los siguientes documentos:<\/p><ol><li>Certificado de notas expedido por la Oficina de Admisiones, Registro y Control Acad\u00e9mico en el que conste que ha cursado y aprobado por lo menos tres (3) Asignaturas en el programa de origen.<\/li><li>Acta de homologaci\u00f3n de asignaturas expedido por el director del programa y Vicerrector\u00eda Acad\u00e9mica del programa al que desea ingresar.<\/li><li>No haber recibido sanciones acad\u00e9micas o disciplinarias que le impidan continuar en la Instituci\u00f3n de manera temporal o definitiva.<\/li><li>No haber solicitado y aceptado traslado anteriormente.<\/li><li>Cancelar los derechos pecuniarios a que haya lugar.<\/li><\/ol><p>El Director de Programa realizar\u00e1 el estudio de traslado, por una sola vez, y ser\u00e1n admitidos como cursados las materias y cursos aprobados, comunes en el Plan de Estudio correspondiente a los dos (2) programas acad\u00e9micos y que sea aceptado por el Consejo Acad\u00e9mico.<\/p><p>El aspirante a transferencia interna que sea admitido se le iniciar\u00e1 un nuevo registro de control acad\u00e9mico con los cursos o materias comunes aprobadas y con ello se les establece un nuevo promedio ponderado acumulado y en la hoja de vida, se anotar\u00e1 los cursos aceptados para el nuevo programa.<\/p><p>El aspirante que haya perdido el derecho a un programa podr\u00e1, por una sola vez, inscribirse en una transferencia interna a otro programa, previo el lleno de los requisitos exigidos para el aspirante nuevo. El estudiante que aspire a transferencia externa igualmente deber\u00e1 adicionalmente cumplir con los siguientes documentos:<\/p><ol><li>Certificado de notas y reconocimiento con promedio m\u00ednimo de 3.5\/5.0 por asignatura exigido por Unibac para el nivel de clasificaci\u00f3n, con las asignaturas homologadas en el estudio de transferencia.<\/li><li>Certificado expedido por la Instituci\u00f3n de Educaci\u00f3n Superior, de las asignaturas cursadas con los cr\u00e9ditos del programa del cual procede, con sus respectivas notas.<\/li><li>Constancia de antecedentes disciplinarios universitarios.<\/li><li>Plan de Estudio detallado (objetivos, competencias, cr\u00e9ditos acad\u00e9micos, duraci\u00f3n del curso, bibliograf\u00eda y contenidos del programa acad\u00e9mico solicitado)<\/li><li>Cancelar los derechos pecuniarios a que haya lugar.<\/li><\/ol><p>Las solicitudes para aspirar a trasferencia externa ser\u00e1n previamente estudiadas por el Director de Programa que corresponda y aprobadas por el Consejo Acad\u00e9mico, previo visto bueno de la Vicerrector\u00eda Acad\u00e9mica por una sola vez, y ser\u00e1n admitidos como cursantes aquellas materias o cursos aprobados, cuyos cr\u00e9ditos sumen hasta un m\u00e1ximo del 50% del Plan de Estudios a los que la Instituci\u00f3n ofrece en el programa solicitado.<\/p><p>En caso de que el aspirante sea admitido, se le abrir\u00e1 hoja de vida debiendo realizar los cursos no aceptados por el Consejo Acad\u00e9mico de la Instituci\u00f3n y con los cursos aceptados se calcular\u00e1 con ellos el promedio ponderado de ingreso a la instituci\u00f3n. Su rendimiento acad\u00e9mico se evaluar\u00e1 teniendo en cuenta el promedio ponderado de ingreso y los cursos que matricule el estudiante en la Instituci\u00f3n.<\/p><p>\u00a0Las asignaturas cursadas en otras Instituciones de educaci\u00f3n superior podr\u00e1n ser reconocidas cumpliendo las m\u00ednimas exigencias anotadas, cuando tengan una calificaci\u00f3n igual o superior a 3.5 \/ 5.0 o su equivalente en otra escala. La Instituci\u00f3n se reserva el derecho de admitir las trasferencias solicitadas cuando no tenga disponibilidad de cupos en el programa solicitado por el aspirante.<\/p><\/div>\n\t\t\t\t<\/div>\n\t\t\t\t\t\t\t\t<\/div>\n\t\t\t\t\t\t<\/div>\n\t\t\t\t<\/div>\n\t\t\t\t<div class=\"elementor-element elementor-element-8000aa3 elementor-widget elementor-widget-spacer\" data-id=\"8000aa3\" data-element_type=\"widget\" data-e-type=\"widget\" data-widget_type=\"spacer.default\">\n\t\t\t\t<div class=\"elementor-widget-container\">\n\t\t\t\t\t\t\t<div class=\"elementor-spacer\">\n\t\t\t<div class=\"elementor-spacer-inner\"><\/div>\n\t\t<\/div>\n\t\t\t\t\t\t<\/div>\n\t\t\t\t<\/div>\n\t\t\t\t\t<\/div>\n\t\t<\/div>\n\t\t\t\t\t<\/div>\n\t\t<\/section>\n\t\t\t\t<section class=\"elementor-section elementor-top-section elementor-element elementor-element-32edba27 elementor-section-boxed elementor-section-height-default elementor-section-height-default\" data-id=\"32edba27\" data-element_type=\"section\" data-e-type=\"section\" data-settings=\"{&quot;_ha_eqh_enable&quot;:false}\">\n\t\t\t\t\t\t<div class=\"elementor-container elementor-column-gap-default\">\n\t\t\t\t\t<div class=\"elementor-column elementor-col-100 elementor-top-column elementor-element elementor-element-6e3040c6\" data-id=\"6e3040c6\" data-element_type=\"column\" data-e-type=\"column\">\n\t\t\t<div class=\"elementor-widget-wrap elementor-element-populated\">\n\t\t\t\t\t\t<div class=\"elementor-element elementor-element-2a458cb1 elementor-widget elementor-widget-spacer\" data-id=\"2a458cb1\" data-element_type=\"widget\" data-e-type=\"widget\" data-widget_type=\"spacer.default\">\n\t\t\t\t<div class=\"elementor-widget-container\">\n\t\t\t\t\t\t\t<div class=\"elementor-spacer\">\n\t\t\t<div class=\"elementor-spacer-inner\"><\/div>\n\t\t<\/div>\n\t\t\t\t\t\t<\/div>\n\t\t\t\t<\/div>\n\t\t\t\t\t<\/div>\n\t\t<\/div>\n\t\t\t\t\t<\/div>\n\t\t<\/section>\n\t\t\t\t<\/div>\n\t\t","protected":false},"excerpt":{"rendered":"<p>Investigaci\u00f3n Inscripciones Matr\u00edculas derechos pecuniarios requisitos de grado Reingreso, homologaciones y transferencias ciclo b\u00e1sico avanzado (m\u00fasica) calendario acad\u00e9mico 2021 Admisiones [&hellip;]<\/p>\n","protected":false},"author":1,"featured_media":0,"parent":0,"menu_order":0,"comment_status":"closed","ping_status":"closed","template":"elementor_header_footer","meta":{"footnotes":""},"class_list":["post-7843","page","type-page","status-publish","hentry"],"_links":{"self":[{"href":"https:\/\/unibac.edu.co\/webnueva\/wp-json\/wp\/v2\/pages\/7843","targetHints":{"allow":["GET"]}}],"collection":[{"href":"https:\/\/unibac.edu.co\/webnueva\/wp-json\/wp\/v2\/pages"}],"about":[{"href":"https:\/\/unibac.edu.co\/webnueva\/wp-json\/wp\/v2\/types\/page"}],"author":[{"embeddable":true,"href":"https:\/\/unibac.edu.co\/webnueva\/wp-json\/wp\/v2\/users\/1"}],"replies":[{"embeddable":true,"href":"https:\/\/unibac.edu.co\/webnueva\/wp-json\/wp\/v2\/comments?post=7843"}],"version-history":[{"count":31,"href":"https:\/\/unibac.edu.co\/webnueva\/wp-json\/wp\/v2\/pages\/7843\/revisions"}],"predecessor-version":[{"id":11869,"href":"https:\/\/unibac.edu.co\/webnueva\/wp-json\/wp\/v2\/pages\/7843\/revisions\/11869"}],"wp:attachment":[{"href":"https:\/\/unibac.edu.co\/webnueva\/wp-json\/wp\/v2\/media?parent=7843"}],"curies":[{"name":"wp","href":"https:\/\/api.w.org\/{rel}","templated":true}]}}