{"id":7784,"date":"2021-06-30T03:03:04","date_gmt":"2021-06-30T08:03:04","guid":{"rendered":"https:\/\/www.unibac.telecso.co\/?page_id=7784"},"modified":"2026-01-22T16:11:28","modified_gmt":"2026-01-22T21:11:28","slug":"inscripciones","status":"publish","type":"page","link":"https:\/\/unibac.edu.co\/webnueva\/inscripciones\/","title":{"rendered":"Inscripciones"},"content":{"rendered":"\t\t<div data-elementor-type=\"wp-page\" data-elementor-id=\"7784\" class=\"elementor elementor-7784\" data-elementor-settings=\"{&quot;ha_cmc_init_switcher&quot;:&quot;no&quot;}\">\n\t\t\t\t\t\t<section class=\"elementor-section elementor-top-section elementor-element elementor-element-d3bbee8 elementor-section-full_width elementor-section-height-min-height elementor-section-stretched elementor-section-height-default elementor-section-items-middle\" data-id=\"d3bbee8\" data-element_type=\"section\" data-e-type=\"section\" data-settings=\"{&quot;stretch_section&quot;:&quot;section-stretched&quot;,&quot;background_background&quot;:&quot;classic&quot;,&quot;_ha_eqh_enable&quot;:false}\">\n\t\t\t\t\t\t<div class=\"elementor-container elementor-column-gap-default\">\n\t\t\t\t\t<div class=\"elementor-column elementor-col-100 elementor-top-column elementor-element elementor-element-3e2654d5\" data-id=\"3e2654d5\" data-element_type=\"column\" data-e-type=\"column\">\n\t\t\t<div class=\"elementor-widget-wrap\">\n\t\t\t\t\t\t\t<\/div>\n\t\t<\/div>\n\t\t\t\t\t<\/div>\n\t\t<\/section>\n\t\t\t\t<section class=\"elementor-section elementor-top-section elementor-element elementor-element-5fa9d6d elementor-section-full_width elementor-section-stretched elementor-section-height-default elementor-section-height-default\" data-id=\"5fa9d6d\" data-element_type=\"section\" data-e-type=\"section\" data-settings=\"{&quot;stretch_section&quot;:&quot;section-stretched&quot;,&quot;_ha_eqh_enable&quot;:false}\">\n\t\t\t\t\t\t<div class=\"elementor-container elementor-column-gap-default\">\n\t\t\t\t\t<div class=\"elementor-column elementor-col-100 elementor-top-column elementor-element elementor-element-2c768694\" data-id=\"2c768694\" data-element_type=\"column\" data-e-type=\"column\">\n\t\t\t<div class=\"elementor-widget-wrap elementor-element-populated\">\n\t\t\t\t\t\t<section class=\"elementor-section elementor-inner-section elementor-element elementor-element-2862cfba elementor-section-full_width elementor-section-height-default elementor-section-height-default\" data-id=\"2862cfba\" data-element_type=\"section\" data-e-type=\"section\" data-settings=\"{&quot;_ha_eqh_enable&quot;:false}\">\n\t\t\t\t\t\t<div class=\"elementor-container elementor-column-gap-default\">\n\t\t\t\t\t<div class=\"elementor-column elementor-col-50 elementor-inner-column elementor-element elementor-element-786b5f04\" data-id=\"786b5f04\" data-element_type=\"column\" data-e-type=\"column\" data-settings=\"{&quot;background_background&quot;:&quot;classic&quot;}\">\n\t\t\t<div class=\"elementor-widget-wrap elementor-element-populated\">\n\t\t\t\t\t\t<div class=\"elementor-element elementor-element-1814dbcc elementor-widget elementor-widget-heading\" data-id=\"1814dbcc\" data-element_type=\"widget\" data-e-type=\"widget\" data-widget_type=\"heading.default\">\n\t\t\t\t<div class=\"elementor-widget-container\">\n\t\t\t\t\t<h2 class=\"elementor-heading-title elementor-size-default\">Investigaci\u00f3n<\/h2>\t\t\t\t<\/div>\n\t\t\t\t<\/div>\n\t\t\t\t<div class=\"elementor-element elementor-element-2c9338ec elementor-align-justify elementor-widget elementor-widget-button\" data-id=\"2c9338ec\" data-element_type=\"widget\" data-e-type=\"widget\" data-widget_type=\"button.default\">\n\t\t\t\t<div class=\"elementor-widget-container\">\n\t\t\t\t\t\t\t\t\t<div class=\"elementor-button-wrapper\">\n\t\t\t\t\t<a class=\"elementor-button elementor-button-link elementor-size-sm\" href=\"https:\/\/unibac.edu.co\/webnueva\/inscripciones\/\">\n\t\t\t\t\t\t<span class=\"elementor-button-content-wrapper\">\n\t\t\t\t\t\t<span class=\"elementor-button-icon\">\n\t\t\t\t<i aria-hidden=\"true\" class=\"fas fa-angle-right\"><\/i>\t\t\t<\/span>\n\t\t\t\t\t\t\t\t\t<span class=\"elementor-button-text\">Inscripciones<\/span>\n\t\t\t\t\t<\/span>\n\t\t\t\t\t<\/a>\n\t\t\t\t<\/div>\n\t\t\t\t\t\t\t\t<\/div>\n\t\t\t\t<\/div>\n\t\t\t\t<div class=\"elementor-element elementor-element-67eeca7f elementor-align-justify elementor-widget elementor-widget-button\" data-id=\"67eeca7f\" data-element_type=\"widget\" data-e-type=\"widget\" data-widget_type=\"button.default\">\n\t\t\t\t<div class=\"elementor-widget-container\">\n\t\t\t\t\t\t\t\t\t<div class=\"elementor-button-wrapper\">\n\t\t\t\t\t<a class=\"elementor-button elementor-button-link elementor-size-sm\" href=\"https:\/\/unibac.edu.co\/webnueva\/matriculas\/\">\n\t\t\t\t\t\t<span class=\"elementor-button-content-wrapper\">\n\t\t\t\t\t\t<span class=\"elementor-button-icon\">\n\t\t\t\t<i aria-hidden=\"true\" class=\"fas fa-angle-right\"><\/i>\t\t\t<\/span>\n\t\t\t\t\t\t\t\t\t<span class=\"elementor-button-text\">Matr\u00edculas<\/span>\n\t\t\t\t\t<\/span>\n\t\t\t\t\t<\/a>\n\t\t\t\t<\/div>\n\t\t\t\t\t\t\t\t<\/div>\n\t\t\t\t<\/div>\n\t\t\t\t<div class=\"elementor-element elementor-element-3f5198c elementor-align-justify elementor-widget elementor-widget-button\" data-id=\"3f5198c\" data-element_type=\"widget\" data-e-type=\"widget\" data-widget_type=\"button.default\">\n\t\t\t\t<div class=\"elementor-widget-container\">\n\t\t\t\t\t\t\t\t\t<div class=\"elementor-button-wrapper\">\n\t\t\t\t\t<a class=\"elementor-button elementor-button-link elementor-size-sm\" href=\"https:\/\/unibac.edu.co\/webnueva\/derechos-pecuniarios\/\">\n\t\t\t\t\t\t<span class=\"elementor-button-content-wrapper\">\n\t\t\t\t\t\t<span class=\"elementor-button-icon\">\n\t\t\t\t<i aria-hidden=\"true\" class=\"fas fa-angle-right\"><\/i>\t\t\t<\/span>\n\t\t\t\t\t\t\t\t\t<span class=\"elementor-button-text\">derechos pecuniarios<\/span>\n\t\t\t\t\t<\/span>\n\t\t\t\t\t<\/a>\n\t\t\t\t<\/div>\n\t\t\t\t\t\t\t\t<\/div>\n\t\t\t\t<\/div>\n\t\t\t\t<div class=\"elementor-element elementor-element-20b98e1 elementor-align-justify elementor-widget elementor-widget-button\" data-id=\"20b98e1\" data-element_type=\"widget\" data-e-type=\"widget\" data-widget_type=\"button.default\">\n\t\t\t\t<div class=\"elementor-widget-container\">\n\t\t\t\t\t\t\t\t\t<div class=\"elementor-button-wrapper\">\n\t\t\t\t\t<a class=\"elementor-button elementor-button-link elementor-size-sm\" href=\"https:\/\/unibac.edu.co\/webnueva\/requisitos-de-grado\/\">\n\t\t\t\t\t\t<span class=\"elementor-button-content-wrapper\">\n\t\t\t\t\t\t<span class=\"elementor-button-icon\">\n\t\t\t\t<i aria-hidden=\"true\" class=\"fas fa-angle-right\"><\/i>\t\t\t<\/span>\n\t\t\t\t\t\t\t\t\t<span class=\"elementor-button-text\">requisitos de grado<\/span>\n\t\t\t\t\t<\/span>\n\t\t\t\t\t<\/a>\n\t\t\t\t<\/div>\n\t\t\t\t\t\t\t\t<\/div>\n\t\t\t\t<\/div>\n\t\t\t\t<div class=\"elementor-element elementor-element-2424cc0 elementor-align-justify elementor-widget elementor-widget-button\" data-id=\"2424cc0\" data-element_type=\"widget\" data-e-type=\"widget\" data-widget_type=\"button.default\">\n\t\t\t\t<div class=\"elementor-widget-container\">\n\t\t\t\t\t\t\t\t\t<div class=\"elementor-button-wrapper\">\n\t\t\t\t\t<a class=\"elementor-button elementor-button-link elementor-size-sm\" href=\"https:\/\/unibac.edu.co\/webnueva\/reingreso-homologaciones-y-transferencias\/\">\n\t\t\t\t\t\t<span class=\"elementor-button-content-wrapper\">\n\t\t\t\t\t\t<span class=\"elementor-button-icon\">\n\t\t\t\t<i aria-hidden=\"true\" class=\"fas fa-angle-right\"><\/i>\t\t\t<\/span>\n\t\t\t\t\t\t\t\t\t<span class=\"elementor-button-text\">Reingreso, homologaciones y transferencias<\/span>\n\t\t\t\t\t<\/span>\n\t\t\t\t\t<\/a>\n\t\t\t\t<\/div>\n\t\t\t\t\t\t\t\t<\/div>\n\t\t\t\t<\/div>\n\t\t\t\t<div class=\"elementor-element elementor-element-bc54fdb elementor-align-justify elementor-widget elementor-widget-button\" data-id=\"bc54fdb\" data-element_type=\"widget\" data-e-type=\"widget\" data-widget_type=\"button.default\">\n\t\t\t\t<div class=\"elementor-widget-container\">\n\t\t\t\t\t\t\t\t\t<div class=\"elementor-button-wrapper\">\n\t\t\t\t\t<a class=\"elementor-button elementor-button-link elementor-size-sm\" href=\"https:\/\/unibac.edu.co\/webnueva\/programa-preparatorio-de-musica\/\">\n\t\t\t\t\t\t<span class=\"elementor-button-content-wrapper\">\n\t\t\t\t\t\t<span class=\"elementor-button-icon\">\n\t\t\t\t<i aria-hidden=\"true\" class=\"fas fa-angle-right\"><\/i>\t\t\t<\/span>\n\t\t\t\t\t\t\t\t\t<span class=\"elementor-button-text\">ciclo b\u00e1sico avanzado (m\u00fasica)<\/span>\n\t\t\t\t\t<\/span>\n\t\t\t\t\t<\/a>\n\t\t\t\t<\/div>\n\t\t\t\t\t\t\t\t<\/div>\n\t\t\t\t<\/div>\n\t\t\t\t<div class=\"elementor-element elementor-element-18d0345 elementor-align-justify elementor-widget elementor-widget-button\" data-id=\"18d0345\" data-element_type=\"widget\" data-e-type=\"widget\" data-widget_type=\"button.default\">\n\t\t\t\t<div class=\"elementor-widget-container\">\n\t\t\t\t\t\t\t\t\t<div class=\"elementor-button-wrapper\">\n\t\t\t\t\t<a class=\"elementor-button elementor-button-link elementor-size-sm\" href=\"https:\/\/unibac.edu.co\/cargar_imagen.php?tipo=3&#038;id=2338&#038;disposition=inline\" target=\"_blank\">\n\t\t\t\t\t\t<span class=\"elementor-button-content-wrapper\">\n\t\t\t\t\t\t<span class=\"elementor-button-icon\">\n\t\t\t\t<i aria-hidden=\"true\" class=\"fas fa-angle-right\"><\/i>\t\t\t<\/span>\n\t\t\t\t\t\t\t\t\t<span class=\"elementor-button-text\">calendario acad\u00e9mico <\/span>\n\t\t\t\t\t<\/span>\n\t\t\t\t\t<\/a>\n\t\t\t\t<\/div>\n\t\t\t\t\t\t\t\t<\/div>\n\t\t\t\t<\/div>\n\t\t\t\t\t<\/div>\n\t\t<\/div>\n\t\t\t\t<div class=\"elementor-column elementor-col-50 elementor-inner-column elementor-element elementor-element-73527134\" data-id=\"73527134\" data-element_type=\"column\" data-e-type=\"column\">\n\t\t\t<div class=\"elementor-widget-wrap elementor-element-populated\">\n\t\t\t\t\t\t<div class=\"elementor-element elementor-element-7f5bf702 elementor-widget elementor-widget-gva-heading-block\" data-id=\"7f5bf702\" data-element_type=\"widget\" data-e-type=\"widget\" data-widget_type=\"gva-heading-block.default\">\n\t\t\t\t<div class=\"elementor-widget-container\">\n\t\t\t\t\t<div class=\"gva-element-gva-heading-block gva-element\">   <div class=\"align-left style-1 widget gsc-heading\">\r\n      <div class=\"content-inner\">\r\n         \r\n                  \r\n                  \r\n                     <h2 class=\"title\">\r\n               <span>Admisiones<\/span>\r\n            <\/h2>\r\n         \r\n                     <div class=\"sub-title\"><span>Inscripciones<\/span><\/div>\r\n          \r\n\r\n         \r\n         \r\n      <\/div>\r\n   <\/div>\r\n   <div class=\"clearfix\"><\/div>\r\n<\/div>\t\t\t\t<\/div>\n\t\t\t\t<\/div>\n\t\t\t\t<div class=\"elementor-element elementor-element-eaee7c5 elementor-widget elementor-widget-text-editor\" data-id=\"eaee7c5\" data-element_type=\"widget\" data-e-type=\"widget\" data-widget_type=\"text-editor.default\">\n\t\t\t\t<div class=\"elementor-widget-container\">\n\t\t\t\t\t\t\t\t\t<div align=\"left\"><p>Las personas interesadas en los programas profesionales de la Instituci\u00f3n Universitaria Bellas Artes y Ciencias de Bol\u00edvar (Unibac) deben pasar por un proceso de admisi\u00f3n, que inicia con la inscripci\u00f3n a trav\u00e9s de este portal de Internet donde se le solicita informaci\u00f3n personal para obtener el comprobante de pago, con el cual la persona puede cancelar en el banco<\/p><\/div>\t\t\t\t\t\t\t\t<\/div>\n\t\t\t\t<\/div>\n\t\t\t\t<div class=\"elementor-element elementor-element-7fb5df7f elementor-widget elementor-widget-image\" data-id=\"7fb5df7f\" data-element_type=\"widget\" data-e-type=\"widget\" data-widget_type=\"image.default\">\n\t\t\t\t<div class=\"elementor-widget-container\">\n\t\t\t\t\t\t\t\t\t\t\t\t\t\t\t<img fetchpriority=\"high\" decoding=\"async\" width=\"640\" height=\"426\" src=\"https:\/\/unibac.edu.co\/webnueva\/wp-content\/uploads\/2021\/06\/sala_mac2019.jpg\" class=\"attachment-large size-large wp-image-7790\" alt=\"\" \/>\t\t\t\t\t\t\t\t\t\t\t\t\t\t\t<\/div>\n\t\t\t\t<\/div>\n\t\t\t\t\t<\/div>\n\t\t<\/div>\n\t\t\t\t\t<\/div>\n\t\t<\/section>\n\t\t\t\t\t<\/div>\n\t\t<\/div>\n\t\t\t\t\t<\/div>\n\t\t<\/section>\n\t\t\t\t<section class=\"elementor-section elementor-top-section elementor-element elementor-element-312f90ea elementor-section-full_width elementor-section-stretched elementor-section-height-default elementor-section-height-default\" data-id=\"312f90ea\" data-element_type=\"section\" data-e-type=\"section\" data-settings=\"{&quot;stretch_section&quot;:&quot;section-stretched&quot;,&quot;background_background&quot;:&quot;classic&quot;,&quot;_ha_eqh_enable&quot;:false}\">\n\t\t\t\t\t\t<div class=\"elementor-container elementor-column-gap-default\">\n\t\t\t\t\t<div class=\"elementor-column elementor-col-100 elementor-top-column elementor-element elementor-element-75d22e91\" data-id=\"75d22e91\" data-element_type=\"column\" data-e-type=\"column\">\n\t\t\t<div class=\"elementor-widget-wrap elementor-element-populated\">\n\t\t\t\t\t\t<div class=\"elementor-element elementor-element-6b7baf1 elementor-widget elementor-widget-spacer\" data-id=\"6b7baf1\" data-element_type=\"widget\" data-e-type=\"widget\" data-widget_type=\"spacer.default\">\n\t\t\t\t<div class=\"elementor-widget-container\">\n\t\t\t\t\t\t\t<div class=\"elementor-spacer\">\n\t\t\t<div class=\"elementor-spacer-inner\"><\/div>\n\t\t<\/div>\n\t\t\t\t\t\t<\/div>\n\t\t\t\t<\/div>\n\t\t\t\t<div class=\"elementor-element elementor-element-1af1cff2 elementor-widget elementor-widget-gva-heading-block\" data-id=\"1af1cff2\" data-element_type=\"widget\" data-e-type=\"widget\" data-widget_type=\"gva-heading-block.default\">\n\t\t\t\t<div class=\"elementor-widget-container\">\n\t\t\t\t\t<div class=\"gva-element-gva-heading-block gva-element\">   <div class=\"align-center style-1 widget gsc-heading\">\r\n      <div class=\"content-inner\">\r\n         \r\n                  \r\n                  \r\n                     <h2 class=\"title\">\r\n               <span>Paso a paso para inscribirse<\/span>\r\n            <\/h2>\r\n         \r\n          \r\n\r\n         \r\n         \r\n      <\/div>\r\n   <\/div>\r\n   <div class=\"clearfix\"><\/div>\r\n<\/div>\t\t\t\t<\/div>\n\t\t\t\t<\/div>\n\t\t\t\t<div class=\"elementor-element elementor-element-49171556 elementor-widget elementor-widget-accordion\" data-id=\"49171556\" data-element_type=\"widget\" data-e-type=\"widget\" data-widget_type=\"accordion.default\">\n\t\t\t\t<div class=\"elementor-widget-container\">\n\t\t\t\t\t\t\t<div class=\"elementor-accordion\">\n\t\t\t\t\t\t\t<div class=\"elementor-accordion-item\">\n\t\t\t\t\t<div id=\"elementor-tab-title-1221\" class=\"elementor-tab-title\" data-tab=\"1\" role=\"button\" aria-controls=\"elementor-tab-content-1221\" aria-expanded=\"false\">\n\t\t\t\t\t\t\t\t\t\t\t\t\t<span class=\"elementor-accordion-icon elementor-accordion-icon-left\" aria-hidden=\"true\">\n\t\t\t\t\t\t\t\t\t\t\t\t\t\t\t<span class=\"elementor-accordion-icon-closed\"><i class=\"fas fa-arrow-alt-circle-down\"><\/i><\/span>\n\t\t\t\t\t\t\t\t<span class=\"elementor-accordion-icon-opened\"><i class=\"fas fa-arrow-alt-circle-right\"><\/i><\/span>\n\t\t\t\t\t\t\t\t\t\t\t\t\t\t<\/span>\n\t\t\t\t\t\t\t\t\t\t\t\t<a class=\"elementor-accordion-title\" tabindex=\"0\">INSCRIPCI\u00d3N ASPIRANTES NUEVOS - CARRERAS<\/a>\n\t\t\t\t\t<\/div>\n\t\t\t\t\t<div id=\"elementor-tab-content-1221\" class=\"elementor-tab-content elementor-clearfix\" data-tab=\"1\" role=\"region\" aria-labelledby=\"elementor-tab-title-1221\"><h4>Preinscripci\u00f3n<\/h4><ol><li>Ingresar a la p\u00e1gina<strong>\u00a0<a href=\"http:\/\/app.unibac.edu.co\/inscripciones\/\" target=\"_blank\" rel=\"noopener\">http:\/\/app.unibac.edu.co\/inscripciones\/<\/a><\/strong><\/li><li>Clic en Preinscripci\u00f3n.<\/li><li>Registrar toda la informaci\u00f3n requerida y dar clic en el bot\u00f3n Preinscribirse (Debe salir un mensaje inform\u00e1ndole que su proceso de preinscripci\u00f3n se realiz\u00f3 satisfactoriamente)<\/li><li>Dar Click en el bot\u00f3n Obtener Comprobante, seleccionar el programa en el que se preinscribi\u00f3, digitar el n\u00famero de su documento de identidad y dar click en el bot\u00f3n Consultar.<\/li><li>Descargar el comprobante y llevarlo a Davivienda para su pago (En la vigencia 2026 el valor es de $204.000).<\/li><li>Una vez se pagu\u00e9 la preinscripci\u00f3n, se deben esperar 24 horas (d\u00eda h\u00e1bil) para realizar la inscripci\u00f3n.<\/li><\/ol><h4>Inscripci\u00f3n<\/h4><ol><li>Ingresar a la p\u00e1gina<strong>\u00a0<a href=\"http:\/\/app.unibac.edu.co\/inscripciones\/\" target=\"_blank\" rel=\"noopener\">http:\/\/app.unibac.edu.co\/inscripciones\/<\/a>.<\/strong><\/li><li>Dar click en el bot\u00f3n Realizar Inscripci\u00f3n.<\/li><li>Digitar No. de Referencia que se encuentra en el comprobante de pago, el No. De identificaci\u00f3n y dar click en el bot\u00f3n Consultar.<\/li><li>Registrar toda la informaci\u00f3n requerida y cargar los documentos que se detallan en los Requisitos para la Inscripci\u00f3n al inicio de esta p\u00e1gina.<\/li><li>Dar click en el bot\u00f3n Guardar (Debe salir un mensaje informando que su proceso de inscripci\u00f3n finaliz\u00f3 satisfactoriamente). Si se presenta alg\u00fan error al momento de inscribirse, por favor dir\u00edjase a la oficina de Admisiones de la Instituci\u00f3n o escriba al correo <strong>sec.admisiones@unibac.edu.co.<\/strong><\/li><li>El aspirante se considera inscrito cuando reciba un correo de parte del departamento de admisiones y registros inform\u00e1ndole que sus documentos est\u00e1n correctos y que debe seguir con el proceso de examen de admisi\u00f3n (Se le informar\u00e1 la fecha del examen).<\/li><li><p>Una vez cumplido el requisito de inscripci\u00f3n, se realizar\u00e1 el proceso de selecci\u00f3n, que estar\u00e1 a cargo del Comit\u00e9 de Admisiones. Dicho proceso obedecer\u00e1 al cumplimiento de los par\u00e1metros establecidos en el Reglamento Estudiantil, e implicar\u00e1 los siguientes procedimientos:<\/p><ul><li>Es obligatorio como requisito de admisi\u00f3n la presentaci\u00f3n de entrevista Psicol\u00f3gica<\/li><li>Examen de admisi\u00f3n el cual consta de una prueba escrita equivalente al 30% y de una prueba de habilidad art\u00edstica equivalente al 40%, para un 70% del valor total del examen.<\/li><li>Entrevista personal 30%<\/li><\/ul><\/li><li>El examen de admisi\u00f3n es aplicado a los aspirantes nuevos de pregrado. Conocidos los puntajes, los puestos se adjudicar\u00e1n en orden descendente a quienes hayan obtenido los m\u00e1s altos (entre el 100% y el 70%), hasta concurrencia del cupo asignado a cada programa. Si varios aspirantes tienen el mismo puntaje y faltan puestos por proveer, se proceder\u00e1 a escoger el aspirante que tenga el puntaje m\u00e1s alto en el Examen de admisi\u00f3n, si contin\u00faan con el mismo puntaje, entonces se proceder\u00e1 a revisar los aspectos de Ley para el desempate, en caso de persistir se realizar\u00e1 sorteo entre aquellos.<\/li><\/ol><h4>Requisitos para la Inscripci\u00f3n<\/h4><ol><li>Constancia de pago de la inscripci\u00f3n.<\/li><li>Declaraci\u00f3n de Renta Juramentada o certificado de ingresos y retenciones del aspirante y \/o de sus padres y\/o acudiente seg\u00fan corresponda o certificaci\u00f3n de no declarante avalada por contador p\u00fablico<\/li><li>Fotocopia del diploma de bachiller<\/li><li>Fotocopia del documento de identidad (Ambos lados)<\/li><li>Fotocopia recibo de servicio p\u00fablico (Que sea legible el estrato socioecon\u00f3mico)<\/li><li>Fotocopia \u00faltimo recibo de pensi\u00f3n del colegio de procedencia (Colegio privado). En caso de ser becado: certificaci\u00f3n expedida por el colegio donde conste que fue becado.<\/li><li>Pruebas de estado saber 11 o Certificado de inscripci\u00f3n a pruebas saber 11 abril 2021<\/li><li>Una (1) foto 3 x 4 fondo blanco.<\/li><li>Los aspirantes colombianos o extranjeros que hayan culminado sus estudios de educaci\u00f3n secundaria en el exterior deber\u00e1n presentar para la fecha de su admisi\u00f3n, el t\u00edtulo de bachiller o su equivalente obtenido en el exterior, debidamente legalizado y apostillado.<\/li><li>El ciudadano colombiano o extranjero que solicite ingreso a la instituci\u00f3n deber\u00e1 acreditar la presentaci\u00f3n de las pruebas de Estado para el ingreso a la educaci\u00f3n superior equivalentes en su pa\u00eds de origen o su presentaci\u00f3n en Colombia.<\/li><\/ol><\/div>\n\t\t\t\t<\/div>\n\t\t\t\t\t\t\t<div class=\"elementor-accordion-item\">\n\t\t\t\t\t<div id=\"elementor-tab-title-1222\" class=\"elementor-tab-title\" data-tab=\"2\" role=\"button\" aria-controls=\"elementor-tab-content-1222\" aria-expanded=\"false\">\n\t\t\t\t\t\t\t\t\t\t\t\t\t<span class=\"elementor-accordion-icon elementor-accordion-icon-left\" aria-hidden=\"true\">\n\t\t\t\t\t\t\t\t\t\t\t\t\t\t\t<span class=\"elementor-accordion-icon-closed\"><i class=\"fas fa-arrow-alt-circle-down\"><\/i><\/span>\n\t\t\t\t\t\t\t\t<span class=\"elementor-accordion-icon-opened\"><i class=\"fas fa-arrow-alt-circle-right\"><\/i><\/span>\n\t\t\t\t\t\t\t\t\t\t\t\t\t\t<\/span>\n\t\t\t\t\t\t\t\t\t\t\t\t<a class=\"elementor-accordion-title\" tabindex=\"0\">INSCRIPCI\u00d3N ASPIRANTES NUEVOS - CURSOS<\/a>\n\t\t\t\t\t<\/div>\n\t\t\t\t\t<div id=\"elementor-tab-content-1222\" class=\"elementor-tab-content elementor-clearfix\" data-tab=\"2\" role=\"region\" aria-labelledby=\"elementor-tab-title-1222\"><h4>Preinscripci\u00f3n<\/h4><ol><li>Ingresar a la p\u00e1gina<strong>\u00a0<a href=\"http:\/\/app.unibac.edu.co\/saunew\/inscripcioncrs.php\" target=\"_blank\" rel=\"noopener\">http:\/\/app.unibac.edu.co\/saunew\/inscripcioncrs.php<\/a><\/strong><\/li><li>Dar click en el bot\u00f3n preinscripci\u00f3n.<\/li><li>Registrar toda la informaci\u00f3n requerida y dar clic en el bot\u00f3n preinscribirse (Debe salir un mensaje inform\u00e1ndole que su proceso de preinscripci\u00f3n se realiz\u00f3 satisfactoriamente).<\/li><li>Dar click en el bot\u00f3n obtener comprobante, seleccionar el programa en el que se preinscribi\u00f3, digitar el n\u00famero de su documento de identidad y dar click en el bot\u00f3n consultar.<\/li><li>Descargar el comprobante y llevarlo a Davivienda para su pago (En la vigencia 2021 el valor es de $94.900). Tambi\u00e9n puede realizar el pago en l\u00ednea.<\/li><li>Una vez se pagu\u00e9 la preinscripci\u00f3n, se deben esperar 24 horas para realizar la inscripci\u00f3n.<\/li><\/ol><h4>Inscripci\u00f3n<\/h4><ol><li>Ingresar a la p\u00e1gina\u00a0<strong><a href=\"http:\/\/app.unibac.edu.co\/saunew\/inscripcioncrs.php\" target=\"_blank\" rel=\"noopener\">http:\/\/app.unibac.edu.co\/saunew\/inscripcioncrs.php<\/a>.<\/strong><\/li><li>Dar click en el bot\u00f3n realizar inscripci\u00f3n.<\/li><li>Digitar No. de referencia que se encuentra en el comprobante de pago, el No. de identificaci\u00f3n y dar click en el bot\u00f3n consultar.<\/li><li>Registrar toda la informaci\u00f3n requerida y cargar los documentos que se detallan en los requisitos para la inscripci\u00f3n al inicio de esta p\u00e1gina.<\/li><li>Dar click en el bot\u00f3n guardar (Debe salir un mensaje informando que su proceso de inscripci\u00f3n finaliz\u00f3 satisfactoriamente). Si se presenta alg\u00fan error al momento de inscribirse, por favor dir\u00edjase a la oficina de Admisiones y Registrode la Instituci\u00f3n o escriba al correo <strong>sec.admisiones@unibac.edu.co.<\/strong><\/li><li>El aspirante se considera inscrito cuando reciba un correo de parte de la oficina de Admisiones y Registros inform\u00e1ndole que sus documentos est\u00e1n correctos.<\/li><\/ol><h4>Requisitos para la Inscripci\u00f3n<\/h4><ol><li>Certificado de afiliaci\u00f3n a EPS o Sisb\u00e9n<\/li><li>Fotocopia del documento de identidad<\/li><li>Recibo de pago de inscripci\u00f3n<\/li><li>Una (1) foto 3&#215;4 fondo blanco.<\/li><\/ol><\/div>\n\t\t\t\t<\/div>\n\t\t\t\t\t\t\t\t<\/div>\n\t\t\t\t\t\t<\/div>\n\t\t\t\t<\/div>\n\t\t\t\t\t<\/div>\n\t\t<\/div>\n\t\t\t\t\t<\/div>\n\t\t<\/section>\n\t\t\t\t<section class=\"elementor-section elementor-top-section elementor-element elementor-element-4d6c2640 elementor-section-boxed elementor-section-height-default elementor-section-height-default\" data-id=\"4d6c2640\" data-element_type=\"section\" data-e-type=\"section\" data-settings=\"{&quot;_ha_eqh_enable&quot;:false}\">\n\t\t\t\t\t\t<div class=\"elementor-container elementor-column-gap-default\">\n\t\t\t\t\t<div class=\"elementor-column elementor-col-100 elementor-top-column elementor-element elementor-element-6547154d\" data-id=\"6547154d\" data-element_type=\"column\" data-e-type=\"column\">\n\t\t\t<div class=\"elementor-widget-wrap elementor-element-populated\">\n\t\t\t\t\t\t<div class=\"elementor-element elementor-element-5e16b5f1 elementor-widget elementor-widget-spacer\" data-id=\"5e16b5f1\" data-element_type=\"widget\" data-e-type=\"widget\" data-widget_type=\"spacer.default\">\n\t\t\t\t<div class=\"elementor-widget-container\">\n\t\t\t\t\t\t\t<div class=\"elementor-spacer\">\n\t\t\t<div class=\"elementor-spacer-inner\"><\/div>\n\t\t<\/div>\n\t\t\t\t\t\t<\/div>\n\t\t\t\t<\/div>\n\t\t\t\t\t<\/div>\n\t\t<\/div>\n\t\t\t\t\t<\/div>\n\t\t<\/section>\n\t\t\t\t<\/div>\n\t\t","protected":false},"excerpt":{"rendered":"<p>Investigaci\u00f3n Inscripciones Matr\u00edculas derechos pecuniarios requisitos de grado Reingreso, homologaciones y transferencias ciclo b\u00e1sico avanzado (m\u00fasica) calendario acad\u00e9mico Admisiones Inscripciones [&hellip;]<\/p>\n","protected":false},"author":1,"featured_media":0,"parent":0,"menu_order":0,"comment_status":"closed","ping_status":"closed","template":"elementor_header_footer","meta":{"footnotes":""},"class_list":["post-7784","page","type-page","status-publish","hentry"],"_links":{"self":[{"href":"https:\/\/unibac.edu.co\/webnueva\/wp-json\/wp\/v2\/pages\/7784","targetHints":{"allow":["GET"]}}],"collection":[{"href":"https:\/\/unibac.edu.co\/webnueva\/wp-json\/wp\/v2\/pages"}],"about":[{"href":"https:\/\/unibac.edu.co\/webnueva\/wp-json\/wp\/v2\/types\/page"}],"author":[{"embeddable":true,"href":"https:\/\/unibac.edu.co\/webnueva\/wp-json\/wp\/v2\/users\/1"}],"replies":[{"embeddable":true,"href":"https:\/\/unibac.edu.co\/webnueva\/wp-json\/wp\/v2\/comments?post=7784"}],"version-history":[{"count":40,"href":"https:\/\/unibac.edu.co\/webnueva\/wp-json\/wp\/v2\/pages\/7784\/revisions"}],"predecessor-version":[{"id":28397,"href":"https:\/\/unibac.edu.co\/webnueva\/wp-json\/wp\/v2\/pages\/7784\/revisions\/28397"}],"wp:attachment":[{"href":"https:\/\/unibac.edu.co\/webnueva\/wp-json\/wp\/v2\/media?parent=7784"}],"curies":[{"name":"wp","href":"https:\/\/api.w.org\/{rel}","templated":true}]}}