{"id":7681,"date":"2021-06-30T01:00:42","date_gmt":"2021-06-30T06:00:42","guid":{"rendered":"https:\/\/www.unibac.telecso.co\/?page_id=7681"},"modified":"2023-07-18T00:14:26","modified_gmt":"2023-07-18T05:14:26","slug":"formacion-en-municipios","status":"publish","type":"page","link":"https:\/\/unibac.edu.co\/webnueva\/formacion-en-municipios\/","title":{"rendered":"Formaci\u00f3n en Municipios"},"content":{"rendered":"\t\t<div data-elementor-type=\"wp-page\" data-elementor-id=\"7681\" class=\"elementor elementor-7681\" data-elementor-settings=\"{&quot;ha_cmc_init_switcher&quot;:&quot;no&quot;}\">\n\t\t\t\t\t\t<section class=\"elementor-section elementor-top-section elementor-element elementor-element-5da09f5d elementor-section-full_width elementor-section-height-min-height elementor-section-stretched elementor-section-height-default elementor-section-items-middle\" data-id=\"5da09f5d\" data-element_type=\"section\" data-e-type=\"section\" data-settings=\"{&quot;stretch_section&quot;:&quot;section-stretched&quot;,&quot;background_background&quot;:&quot;classic&quot;,&quot;_ha_eqh_enable&quot;:false}\">\n\t\t\t\t\t\t<div class=\"elementor-container elementor-column-gap-default\">\n\t\t\t\t\t<div class=\"elementor-column elementor-col-100 elementor-top-column elementor-element elementor-element-8b617fd\" data-id=\"8b617fd\" data-element_type=\"column\" data-e-type=\"column\">\n\t\t\t<div class=\"elementor-widget-wrap\">\n\t\t\t\t\t\t\t<\/div>\n\t\t<\/div>\n\t\t\t\t\t<\/div>\n\t\t<\/section>\n\t\t\t\t<section class=\"elementor-section elementor-top-section elementor-element elementor-element-4164397c elementor-section-full_width elementor-section-stretched elementor-section-height-default elementor-section-height-default\" data-id=\"4164397c\" data-element_type=\"section\" data-e-type=\"section\" data-settings=\"{&quot;stretch_section&quot;:&quot;section-stretched&quot;,&quot;_ha_eqh_enable&quot;:false}\">\n\t\t\t\t\t\t<div class=\"elementor-container elementor-column-gap-default\">\n\t\t\t\t\t<div class=\"elementor-column elementor-col-100 elementor-top-column elementor-element elementor-element-7bceea4c\" data-id=\"7bceea4c\" data-element_type=\"column\" data-e-type=\"column\">\n\t\t\t<div class=\"elementor-widget-wrap elementor-element-populated\">\n\t\t\t\t\t\t<section class=\"elementor-section elementor-inner-section elementor-element elementor-element-5b6eea98 elementor-section-full_width elementor-section-height-default elementor-section-height-default\" data-id=\"5b6eea98\" data-element_type=\"section\" data-e-type=\"section\" data-settings=\"{&quot;_ha_eqh_enable&quot;:false}\">\n\t\t\t\t\t\t<div class=\"elementor-container elementor-column-gap-default\">\n\t\t\t\t\t<div class=\"elementor-column elementor-col-50 elementor-inner-column elementor-element elementor-element-196dc975\" data-id=\"196dc975\" data-element_type=\"column\" data-e-type=\"column\" data-settings=\"{&quot;background_background&quot;:&quot;classic&quot;}\">\n\t\t\t<div class=\"elementor-widget-wrap elementor-element-populated\">\n\t\t\t\t\t\t<div class=\"elementor-element elementor-element-17d4d4c0 elementor-widget elementor-widget-heading\" data-id=\"17d4d4c0\" data-element_type=\"widget\" data-e-type=\"widget\" data-widget_type=\"heading.default\">\n\t\t\t\t<div class=\"elementor-widget-container\">\n\t\t\t\t\t<h2 class=\"elementor-heading-title elementor-size-default\">Proyecci\u00f3n Social<\/h2>\t\t\t\t<\/div>\n\t\t\t\t<\/div>\n\t\t\t\t<div class=\"elementor-element elementor-element-5862234 elementor-align-justify elementor-widget elementor-widget-button\" data-id=\"5862234\" data-element_type=\"widget\" data-e-type=\"widget\" data-widget_type=\"button.default\">\n\t\t\t\t<div class=\"elementor-widget-container\">\n\t\t\t\t\t\t\t\t\t<div class=\"elementor-button-wrapper\">\n\t\t\t\t\t<a class=\"elementor-button elementor-button-link elementor-size-sm\" href=\"https:\/\/unibac.edu.co\/webnueva\/cursos-preparatorios-unibac\/\">\n\t\t\t\t\t\t<span class=\"elementor-button-content-wrapper\">\n\t\t\t\t\t\t<span class=\"elementor-button-icon\">\n\t\t\t\t<i aria-hidden=\"true\" class=\"fas fa-angle-right\"><\/i>\t\t\t<\/span>\n\t\t\t\t\t\t\t\t\t<span class=\"elementor-button-text\">Cursos Preparatorios Unibac<\/span>\n\t\t\t\t\t<\/span>\n\t\t\t\t\t<\/a>\n\t\t\t\t<\/div>\n\t\t\t\t\t\t\t\t<\/div>\n\t\t\t\t<\/div>\n\t\t\t\t<div class=\"elementor-element elementor-element-9bd31f9 elementor-align-justify elementor-widget elementor-widget-button\" data-id=\"9bd31f9\" data-element_type=\"widget\" data-e-type=\"widget\" data-widget_type=\"button.default\">\n\t\t\t\t<div class=\"elementor-widget-container\">\n\t\t\t\t\t\t\t\t\t<div class=\"elementor-button-wrapper\">\n\t\t\t\t\t<a class=\"elementor-button elementor-button-link elementor-size-sm\" href=\"https:\/\/unibac.edu.co\/webnueva\/programa-preparatorio-de-musica\/\">\n\t\t\t\t\t\t<span class=\"elementor-button-content-wrapper\">\n\t\t\t\t\t\t<span class=\"elementor-button-icon\">\n\t\t\t\t<i aria-hidden=\"true\" class=\"fas fa-angle-right\"><\/i>\t\t\t<\/span>\n\t\t\t\t\t\t\t\t\t<span class=\"elementor-button-text\">Prog. Preparatorio de M\u00fasica<\/span>\n\t\t\t\t\t<\/span>\n\t\t\t\t\t<\/a>\n\t\t\t\t<\/div>\n\t\t\t\t\t\t\t\t<\/div>\n\t\t\t\t<\/div>\n\t\t\t\t<div class=\"elementor-element elementor-element-a52dad0 elementor-align-justify elementor-widget elementor-widget-button\" data-id=\"a52dad0\" data-element_type=\"widget\" data-e-type=\"widget\" data-widget_type=\"button.default\">\n\t\t\t\t<div class=\"elementor-widget-container\">\n\t\t\t\t\t\t\t\t\t<div class=\"elementor-button-wrapper\">\n\t\t\t\t\t<a class=\"elementor-button elementor-button-link elementor-size-sm\" href=\"https:\/\/unibac.edu.co\/webnueva\/formacion-en-municipios\/\">\n\t\t\t\t\t\t<span class=\"elementor-button-content-wrapper\">\n\t\t\t\t\t\t<span class=\"elementor-button-icon\">\n\t\t\t\t<i aria-hidden=\"true\" class=\"fas fa-angle-right\"><\/i>\t\t\t<\/span>\n\t\t\t\t\t\t\t\t\t<span class=\"elementor-button-text\">formaci\u00f3n en municipios<\/span>\n\t\t\t\t\t<\/span>\n\t\t\t\t\t<\/a>\n\t\t\t\t<\/div>\n\t\t\t\t\t\t\t\t<\/div>\n\t\t\t\t<\/div>\n\t\t\t\t\t<\/div>\n\t\t<\/div>\n\t\t\t\t<div class=\"elementor-column elementor-col-50 elementor-inner-column elementor-element elementor-element-2c2ddb81\" data-id=\"2c2ddb81\" data-element_type=\"column\" data-e-type=\"column\">\n\t\t\t<div class=\"elementor-widget-wrap elementor-element-populated\">\n\t\t\t\t\t\t<div class=\"elementor-element elementor-element-490020de elementor-widget elementor-widget-gva-heading-block\" data-id=\"490020de\" data-element_type=\"widget\" data-e-type=\"widget\" data-widget_type=\"gva-heading-block.default\">\n\t\t\t\t<div class=\"elementor-widget-container\">\n\t\t\t\t\t<div class=\"gva-element-gva-heading-block gva-element\">   <div class=\"align-left style-1 widget gsc-heading\">\r\n      <div class=\"content-inner\">\r\n         \r\n                  \r\n                  \r\n                     <h2 class=\"title\">\r\n               <span>Formaci\u00f3n<\/span>\r\n            <\/h2>\r\n         \r\n                     <div class=\"sub-title\"><span>en municipios<\/span><\/div>\r\n          \r\n\r\n         \r\n         \r\n      <\/div>\r\n   <\/div>\r\n   <div class=\"clearfix\"><\/div>\r\n<\/div>\t\t\t\t<\/div>\n\t\t\t\t<\/div>\n\t\t\t\t<div class=\"elementor-element elementor-element-2b177e69 elementor-widget elementor-widget-text-editor\" data-id=\"2b177e69\" data-element_type=\"widget\" data-e-type=\"widget\" data-widget_type=\"text-editor.default\">\n\t\t\t\t<div class=\"elementor-widget-container\">\n\t\t\t\t\t\t\t\t\t<div align=\"left\">\n<p class=\"text-justify\">La Instituci\u00f3n Universitaria Bellas Artes y Ciencias de Bol\u00edvar (Unibac) a trav\u00e9s de su oficina de Proyecci\u00f3n Social, desarrolla semestralmente, cursos de formaci\u00f3n art\u00edstica de car\u00e1cter gratuito para ni\u00f1os y j\u00f3venes de diferentes municipios y corregimientos del Departamento de Bol\u00edvar.<\/p>\n<p class=\"text-justify\">Este programa contempla talleres en las siguientes \u00e1reas:<\/p>\n\n<div>\n<ul class=\"vineta\">\n \t<li><b>Artes Esc\u00e9nicas:<\/b> actuaci\u00f3n, danza.<\/li>\n \t<li><b>Artes Pl\u00e1sticas:<\/b> pintura y dibujo.<\/li>\n \t<li><b>M\u00fasica:<\/b> Un Instrumento  y t\u00e9cnica vocal.<\/li>\n<\/ul>\n<\/div>\n<p class=\"text-justify\">Bajo la orientaci\u00f3n de profesionales de artes, quienes hacen presencia en los municipios beneficiados con el objetivo de cultivar habilidades art\u00edsticas en los participantes<\/p>\n\n<\/div>\t\t\t\t\t\t\t\t<\/div>\n\t\t\t\t<\/div>\n\t\t\t\t<div class=\"elementor-element elementor-element-4c46439 elementor-widget elementor-widget-image\" data-id=\"4c46439\" data-element_type=\"widget\" data-e-type=\"widget\" data-widget_type=\"image.default\">\n\t\t\t\t<div class=\"elementor-widget-container\">\n\t\t\t\t\t\t\t\t\t\t\t\t\t\t\t<img fetchpriority=\"high\" decoding=\"async\" width=\"760\" height=\"374\" src=\"https:\/\/unibac.edu.co\/webnueva\/wp-content\/uploads\/2021\/06\/FOTO_DE_MUNICIPIOS.jpg\" class=\"attachment-large size-large wp-image-7685\" alt=\"\" \/>\t\t\t\t\t\t\t\t\t\t\t\t\t\t\t<\/div>\n\t\t\t\t<\/div>\n\t\t\t\t\t<\/div>\n\t\t<\/div>\n\t\t\t\t\t<\/div>\n\t\t<\/section>\n\t\t\t\t\t<\/div>\n\t\t<\/div>\n\t\t\t\t\t<\/div>\n\t\t<\/section>\n\t\t\t\t<section class=\"elementor-section elementor-top-section elementor-element elementor-element-195ba6ae elementor-section-full_width elementor-section-stretched elementor-section-height-default elementor-section-height-default\" data-id=\"195ba6ae\" data-element_type=\"section\" data-e-type=\"section\" data-settings=\"{&quot;stretch_section&quot;:&quot;section-stretched&quot;,&quot;background_background&quot;:&quot;classic&quot;,&quot;_ha_eqh_enable&quot;:false}\">\n\t\t\t\t\t\t<div class=\"elementor-container elementor-column-gap-default\">\n\t\t\t\t\t<div class=\"elementor-column elementor-col-100 elementor-top-column elementor-element elementor-element-21f64a6a\" data-id=\"21f64a6a\" data-element_type=\"column\" data-e-type=\"column\">\n\t\t\t<div class=\"elementor-widget-wrap elementor-element-populated\">\n\t\t\t\t\t\t<div class=\"elementor-element elementor-element-5c2543a elementor-widget elementor-widget-spacer\" data-id=\"5c2543a\" data-element_type=\"widget\" data-e-type=\"widget\" data-widget_type=\"spacer.default\">\n\t\t\t\t<div class=\"elementor-widget-container\">\n\t\t\t\t\t\t\t<div class=\"elementor-spacer\">\n\t\t\t<div class=\"elementor-spacer-inner\"><\/div>\n\t\t<\/div>\n\t\t\t\t\t\t<\/div>\n\t\t\t\t<\/div>\n\t\t\t\t<div class=\"elementor-element elementor-element-3fe725f4 elementor-widget elementor-widget-gva-heading-block\" data-id=\"3fe725f4\" data-element_type=\"widget\" data-e-type=\"widget\" data-widget_type=\"gva-heading-block.default\">\n\t\t\t\t<div class=\"elementor-widget-container\">\n\t\t\t\t\t<div class=\"gva-element-gva-heading-block gva-element\">   <div class=\"align-center style-1 widget gsc-heading\">\r\n      <div class=\"content-inner\">\r\n         \r\n                  \r\n                  \r\n                     <h2 class=\"title\">\r\n               <span>Municipios<\/span>\r\n            <\/h2>\r\n         \r\n          \r\n\r\n         \r\n         \r\n      <\/div>\r\n   <\/div>\r\n   <div class=\"clearfix\"><\/div>\r\n<\/div>\t\t\t\t<\/div>\n\t\t\t\t<\/div>\n\t\t\t\t<div class=\"elementor-element elementor-element-2ffcc2b elementor-widget elementor-widget-text-editor\" data-id=\"2ffcc2b\" data-element_type=\"widget\" data-e-type=\"widget\" data-widget_type=\"text-editor.default\">\n\t\t\t\t<div class=\"elementor-widget-container\">\n\t\t\t\t\t\t\t\t\t<p class=\"text-center\" style=\"text-align: left;\"><span style=\"color: #ffffff;\"><b>Algunos municipios y corregimientos atendidos del departamento de Bol\u00edvar:<\/b><\/span><\/p><p style=\"text-align: left;\"><span style=\"color: #ffffff;\">Corregimiento de Hato Viejo municipio de Calamar y Municipio de Arjona en Zodes Dique<\/span><br \/><span style=\"color: #ffffff;\">,Altos del Rosario, San Rafael de Cortina, Turbana, Santa Rosa de lima, San Jacinto, Magangue y El Pe\u00f1on.<\/span><br \/><span style=\"color: #ffffff;\">Municipio de Talaigua Nuevo, corregimiento de Talaigua Viejo, municipio de Cicuco, Corregimeinto de San Javier, Municipio de Clemencia, Municipio de Mahates, Municipio del Guamo, Corregimiento de San Pedro Consolado, Municipio de San Estanislao, Corregimiento de las Piedras, Corregimiento de Retiro Nuevo y Corregimiento de Puerto Santander<\/span><\/p><p style=\"text-align: left;\"><span style=\"color: #ffffff;\">Municipio de Santa Rosa del Sur , Municipio de Hatillo y Corregimiento de la Ribona , Municipio de C\u00f3rdoba Bol\u00edvar y Corregimiento de San Andr\u00e9s Municipio de Turbaco , Municipio de San Fernando , Municipio de Margarita , Municipio de Villanueva y Corregimiento de Zipacoa y el Distrito de Cartagena de indias .<\/span><\/p><p class=\"text-justify\" style=\"text-align: left;\"><span style=\"color: #ffffff;\">Unibac desarrolla estos talleres de formaci\u00f3n, convirti\u00e9ndose en el programa reconocido que brinda espacios de recreaci\u00f3n, cultura y formaci\u00f3n art\u00edstica a las zonas rurales.<\/span><\/p>\t\t\t\t\t\t\t\t<\/div>\n\t\t\t\t<\/div>\n\t\t\t\t<div class=\"elementor-element elementor-element-ef7fb18 elementor-hidden-desktop elementor-hidden-tablet elementor-hidden-mobile elementor-widget elementor-widget-text-editor\" data-id=\"ef7fb18\" data-element_type=\"widget\" data-e-type=\"widget\" data-widget_type=\"text-editor.default\">\n\t\t\t\t<div class=\"elementor-widget-container\">\n\t\t\t\t\t\t\t\t\t<p class=\"text-center\">Algunos municipios y corregimientos atendidos del departamento de Bol\u00edvar:<\/p><div class=\"col-md-3\">\u00a0<\/div><div class=\"col-md-6\"><table class=\"table table-bordered table-hover\" border=\"0\" cellspacing=\"0\"><tbody><tr class=\"titulos-tabla\"><td align=\"CENTER\" width=\"50%\"><b>MUNICIPIO<\/b><\/td><td align=\"CENTER\" width=\"50%\" height=\"21\"><b>CORREGIMIENTO<\/b><\/td><\/tr><tr><td class=\"celda_row\">San Mart\u00edn de Loba<\/td><td class=\"celda_row\">Chimi<\/td><\/tr><tr class=\"tr_alterna\"><td class=\"celda_row\">Barranco de Loba<\/td><td class=\"celda_row\">Gambote (Arjona)<\/td><\/tr><tr><td class=\"celda_row\">Hatillo de Loba<\/td><td class=\"celda_row\">Sincerin (Arjona)<\/td><\/tr><tr class=\"tr_alterna\"><td class=\"celda_row\">Simiti<\/td><td class=\"celda_row\">Isla Grande (Distrito de Cartagena)<\/td><\/tr><tr><td class=\"celda_row\">Santa Rosa<\/td><td class=\"celda_row\">Santa Ana (Distrito de Cartagena)<\/td><\/tr><tr class=\"tr_alterna\"><td class=\"celda_row\">Canta Gallo<\/td><td class=\"celda_row\">Ararca (Distrito de Cartagena)<\/td><\/tr><tr><td class=\"celda_row\">San Pablo<\/td><td class=\"celda_row\">Lomita Arena (Santa Catalina)<\/td><\/tr><tr class=\"tr_alterna\"><td class=\"celda_row\">San Jacinto<\/td><td class=\"celda_row\">Galerazamba (Santa Catalina)<\/td><\/tr><tr><td class=\"celda_row\">Arroyo Hondo<\/td><td class=\"celda_row\">Retiro Nuevo (Mar\u00eda La Baja)<\/td><\/tr><tr class=\"tr_alterna\"><td class=\"celda_row\">Mahates<\/td><td class=\"celda_row\">Puerto Santander (Mar\u00eda La Baja)<\/td><\/tr><tr><td class=\"celda_row\">San Estanislao de Kotska<\/td><td class=\"celda_row\">Hato Viejo (Calamar)<\/td><\/tr><tr class=\"tr_alterna\"><td class=\"celda_row\">Zambrano<\/td><td class=\"celda_row\">Las Piedras (San Estanislao)<\/td><\/tr><tr><td class=\"celda_row\">Magangu\u00e9<\/td><td class=\"celda_row\">Bayunca (Distrito de Cartagena)<\/td><\/tr><tr class=\"tr_alterna\"><td class=\"celda_row\">Clemencia<\/td><td class=\"celda_row\">Pontezuela (Distrito de Cartagena)<\/td><\/tr><tr><td class=\"celda_row\">Santa Rosa de Lima<\/td><td class=\"celda_row\">\u00a0<\/td><\/tr><tr class=\"tr_alterna\"><td class=\"celda_row\">Talaigua<\/td><td class=\"celda_row\">\u00a0<\/td><\/tr><tr><td class=\"celda_row\">Cicuco<\/td><td class=\"celda_row\">\u00a0<\/td><\/tr><tr class=\"tr_alterna\"><td class=\"celda_row\">Mompox<\/td><td class=\"celda_row\">\u00a0<\/td><\/tr><\/tbody><\/table><\/div><div class=\"col-md-3\">\u00a0<\/div><div class=\"col-md-12\"><p class=\"text-justify\">Unibac desarrolla estos talleres de formaci\u00f3n, convirti\u00e9ndose en el programa reconocido que brinda espacios de recreaci\u00f3n, cultura y formaci\u00f3n art\u00edstica a las zonas rurales.<\/p><\/div>\t\t\t\t\t\t\t\t<\/div>\n\t\t\t\t<\/div>\n\t\t\t\t\t<\/div>\n\t\t<\/div>\n\t\t\t\t\t<\/div>\n\t\t<\/section>\n\t\t\t\t<section class=\"elementor-section elementor-top-section elementor-element elementor-element-704dc0af elementor-section-boxed elementor-section-height-default elementor-section-height-default\" data-id=\"704dc0af\" data-element_type=\"section\" data-e-type=\"section\" data-settings=\"{&quot;_ha_eqh_enable&quot;:false}\">\n\t\t\t\t\t\t<div class=\"elementor-container elementor-column-gap-default\">\n\t\t\t\t\t<div class=\"elementor-column elementor-col-100 elementor-top-column elementor-element elementor-element-7d6581c1\" data-id=\"7d6581c1\" data-element_type=\"column\" data-e-type=\"column\">\n\t\t\t<div class=\"elementor-widget-wrap elementor-element-populated\">\n\t\t\t\t\t\t<div class=\"elementor-element elementor-element-2ac3e070 elementor-widget elementor-widget-spacer\" data-id=\"2ac3e070\" data-element_type=\"widget\" data-e-type=\"widget\" data-widget_type=\"spacer.default\">\n\t\t\t\t<div class=\"elementor-widget-container\">\n\t\t\t\t\t\t\t<div class=\"elementor-spacer\">\n\t\t\t<div class=\"elementor-spacer-inner\"><\/div>\n\t\t<\/div>\n\t\t\t\t\t\t<\/div>\n\t\t\t\t<\/div>\n\t\t\t\t\t<\/div>\n\t\t<\/div>\n\t\t\t\t\t<\/div>\n\t\t<\/section>\n\t\t\t\t<\/div>\n\t\t","protected":false},"excerpt":{"rendered":"<p>Proyecci\u00f3n Social Cursos Preparatorios Unibac Prog. Preparatorio de M\u00fasica formaci\u00f3n en municipios Formaci\u00f3n en municipios La Instituci\u00f3n Universitaria Bellas Artes [&hellip;]<\/p>\n","protected":false},"author":1,"featured_media":0,"parent":0,"menu_order":0,"comment_status":"closed","ping_status":"closed","template":"elementor_header_footer","meta":{"footnotes":""},"class_list":["post-7681","page","type-page","status-publish","hentry"],"_links":{"self":[{"href":"https:\/\/unibac.edu.co\/webnueva\/wp-json\/wp\/v2\/pages\/7681","targetHints":{"allow":["GET"]}}],"collection":[{"href":"https:\/\/unibac.edu.co\/webnueva\/wp-json\/wp\/v2\/pages"}],"about":[{"href":"https:\/\/unibac.edu.co\/webnueva\/wp-json\/wp\/v2\/types\/page"}],"author":[{"embeddable":true,"href":"https:\/\/unibac.edu.co\/webnueva\/wp-json\/wp\/v2\/users\/1"}],"replies":[{"embeddable":true,"href":"https:\/\/unibac.edu.co\/webnueva\/wp-json\/wp\/v2\/comments?post=7681"}],"version-history":[{"count":31,"href":"https:\/\/unibac.edu.co\/webnueva\/wp-json\/wp\/v2\/pages\/7681\/revisions"}],"predecessor-version":[{"id":21466,"href":"https:\/\/unibac.edu.co\/webnueva\/wp-json\/wp\/v2\/pages\/7681\/revisions\/21466"}],"wp:attachment":[{"href":"https:\/\/unibac.edu.co\/webnueva\/wp-json\/wp\/v2\/media?parent=7681"}],"curies":[{"name":"wp","href":"https:\/\/api.w.org\/{rel}","templated":true}]}}