{"id":6291,"date":"2019-08-27T02:51:17","date_gmt":"2019-08-27T02:51:17","guid":{"rendered":"https:\/\/themesgavias.com\/wp\/kipso\/?page_id=6291"},"modified":"2019-08-27T02:51:17","modified_gmt":"2019-08-27T02:51:17","slug":"our-causes-2-2","status":"publish","type":"page","link":"https:\/\/unibac.edu.co\/webnueva\/our-causes-2-2\/","title":{"rendered":"Our Courses II"},"content":{"rendered":"\t\t<div data-elementor-type=\"wp-post\" data-elementor-id=\"6291\" class=\"elementor elementor-6291\" data-elementor-settings=\"{&quot;ha_cmc_init_switcher&quot;:&quot;no&quot;}\">\n\t\t\t\t\t\t<section class=\"elementor-section elementor-top-section elementor-element elementor-element-1c672db elementor-section-boxed elementor-section-height-default elementor-section-height-default\" data-id=\"1c672db\" data-element_type=\"section\" data-e-type=\"section\" data-settings=\"{&quot;_ha_eqh_enable&quot;:false}\">\n\t\t\t\t\t\t<div class=\"elementor-container elementor-column-gap-default\">\n\t\t\t\t\t<div class=\"elementor-column elementor-col-50 elementor-top-column elementor-element elementor-element-0165fe9\" data-id=\"0165fe9\" data-element_type=\"column\" data-e-type=\"column\">\n\t\t\t<div class=\"elementor-widget-wrap elementor-element-populated\">\n\t\t\t\t\t\t<div class=\"elementor-element elementor-element-3de5e34 elementor-widget elementor-widget-gva-courses\" data-id=\"3de5e34\" data-element_type=\"widget\" data-e-type=\"widget\" data-widget_type=\"gva-courses.default\">\n\t\t\t\t<div class=\"elementor-widget-container\">\n\t\t\t\t\t<div class=\"gva-element-gva-courses gva-element\">  \r\n  <div class=\"gva-posts-grid clearfix gva-posts\">\r\n        <div class=\"gva-content-items\"> \r\n      <div class=\"isotope-items view-portfolio lg-block-grid-2 md-block-grid-2 sm-block-grid-2 xs-block-grid-1\">\r\n        \n<div class=\"all it-software  item-columns\">\n   <article id=\"course-2-6044\" class=\"course-block post-6044 lp_course type-lp_course status-publish has-post-thumbnail hentry course_category-it-software course\">\n      <div class=\"course-thumbnail\">\n         <img fetchpriority=\"high\" decoding=\"async\" width=\"900\" height=\"600\" src=\"https:\/\/unibac.edu.co\/webnueva\/wp-content\/uploads\/2019\/08\/course-1.jpg\" class=\"attachment-full size-full wp-post-image\" alt=\"AWS Certified Cloud Practitioner\" \/>         <div class=\"course-category\">\n            <a class=\"cat-course-link \" href=\"https:\/\/unibac.edu.co\/webnueva\/course-category\/it-software\/\" title=\"View all posts in It &amp; Software\">It &amp; Software<\/a>         <\/div>\n      <\/div>   \n\n      <div class=\"entry-content\">\n         <div class=\"content-top\">\n            <div class=\"course-author\">\n               <div class=\"author-picture\">\n                  <img decoding=\"async\" alt=\"Avatar del Usuario\" class=\"avatar\" src=\"https:\/\/secure.gravatar.com\/avatar\/9d8ce6b6d9cdf0902281f16d93264933f1a328c2259aec7fc8142984cb9cdbea?s=250&amp;d=mm&amp;r=g\" width=\"250\" height=\"250\" \/>               <\/div>\n               <div class=\"author-name\">\n                  <span>by&nbsp;<\/span><a href=\"https:\/\/unibac.edu.co\/webnueva\/instructor\/\"> <span class=\"instructor-display-name\">harold<\/span><\/a>               <\/div>\n            <\/div>\n\n            <h2 class=\"entry-title\"><a href=\"https:\/\/unibac.edu.co\/webnueva\/courses\/aws-certified-cloud-practitioner\/\" rel=\"bookmark\">AWS Certified Cloud Practitioner<\/a><\/h2>\n            \n                           <div class=\"course-reviews\">\n                  <div class=\"course-review-wrapper\"><ul class=\"base-starts\"><li><i class=\"fa fa-star\"><\/i><\/li><li><i class=\"fa fa-star\"><\/i><\/li><li><i class=\"fa fa-star\"><\/i><\/li><li><i class=\"fa fa-star\"><\/i><\/li><li><i class=\"fa fa-star\"><\/i><\/li><\/ul><ul class=\"votes-starts\" style=\"width: 0%;\"><li><i class=\"fa fa-star\"><\/i><\/li><li><i class=\"fa fa-star\"><\/i><\/li><li><i class=\"fa fa-star\"><\/i><\/li><li><i class=\"fa fa-star\"><\/i><\/li><li><i class=\"fa fa-star\"><\/i><\/li><\/ul><\/div>                  <div class=\"average-ratings\">\n                     <span class=\"average\">0<\/span>\n                     <span class=\"rate-count\">0<\/span>\n                  <\/div>\n               <\/div>\n            \n         <\/div>\n         <div class=\"content-bottom\">\n            <div class=\"course-duration\">\n               <i class=\"icon far fa-clock\"><\/i>33 week            <\/div>\n            <div class=\"lesson-count\">\n            <i class=\"icon far fa-folder-open\"><\/i>\n               0 Lectures            <\/div>\n            <div class=\"course-price\">\n                                 <span class=\"price\">Gratis<\/span>\n                                    \n            <\/div>\n         <\/div>\n         <div class=\"course-preview\">\n         <a href=\"https:\/\/unibac.edu.co\/webnueva\/courses\/aws-certified-cloud-practitioner\/\" rel=\"bookmark\">See Preview<\/a>\n         <\/div>\n      <\/div>\n   <\/article>   \n<\/div>\n\n  \n<div class=\"all it-software  item-columns\">\n   <article id=\"course-2-5908\" class=\"course-block post-5908 lp_course type-lp_course status-publish has-post-thumbnail hentry course_category-it-software course\">\n      <div class=\"course-thumbnail\">\n         <img decoding=\"async\" width=\"900\" height=\"600\" src=\"https:\/\/unibac.edu.co\/webnueva\/wp-content\/uploads\/2019\/08\/course-8.jpg\" class=\"attachment-full size-full wp-post-image\" alt=\"Workshop in Probability and Statistics\" \/>         <div class=\"course-category\">\n            <a class=\"cat-course-link \" href=\"https:\/\/unibac.edu.co\/webnueva\/course-category\/it-software\/\" title=\"View all posts in It &amp; Software\">It &amp; Software<\/a>         <\/div>\n      <\/div>   \n\n      <div class=\"entry-content\">\n         <div class=\"content-top\">\n            <div class=\"course-author\">\n               <div class=\"author-picture\">\n                  <img decoding=\"async\" alt=\"Avatar del Usuario\" class=\"avatar\" src=\"https:\/\/secure.gravatar.com\/avatar\/9d8ce6b6d9cdf0902281f16d93264933f1a328c2259aec7fc8142984cb9cdbea?s=250&amp;d=mm&amp;r=g\" width=\"250\" height=\"250\" \/>               <\/div>\n               <div class=\"author-name\">\n                  <span>by&nbsp;<\/span><a href=\"https:\/\/unibac.edu.co\/webnueva\/instructor\/\"> <span class=\"instructor-display-name\">harold<\/span><\/a>               <\/div>\n            <\/div>\n\n            <h2 class=\"entry-title\"><a href=\"https:\/\/unibac.edu.co\/webnueva\/courses\/creative-unfold-think-outside-the-box\/\" rel=\"bookmark\">Workshop in Probability and Statistics<\/a><\/h2>\n            \n                           <div class=\"course-reviews\">\n                  <div class=\"course-review-wrapper\"><ul class=\"base-starts\"><li><i class=\"fa fa-star\"><\/i><\/li><li><i class=\"fa fa-star\"><\/i><\/li><li><i class=\"fa fa-star\"><\/i><\/li><li><i class=\"fa fa-star\"><\/i><\/li><li><i class=\"fa fa-star\"><\/i><\/li><\/ul><ul class=\"votes-starts\" style=\"width: 0%;\"><li><i class=\"fa fa-star\"><\/i><\/li><li><i class=\"fa fa-star\"><\/i><\/li><li><i class=\"fa fa-star\"><\/i><\/li><li><i class=\"fa fa-star\"><\/i><\/li><li><i class=\"fa fa-star\"><\/i><\/li><\/ul><\/div>                  <div class=\"average-ratings\">\n                     <span class=\"average\">0<\/span>\n                     <span class=\"rate-count\">0<\/span>\n                  <\/div>\n               <\/div>\n            \n         <\/div>\n         <div class=\"content-bottom\">\n            <div class=\"course-duration\">\n               <i class=\"icon far fa-clock\"><\/i>33 week            <\/div>\n            <div class=\"lesson-count\">\n            <i class=\"icon far fa-folder-open\"><\/i>\n               0 Lectures            <\/div>\n            <div class=\"course-price\">\n                                 <span class=\"price\">&#036;90.00<\/span>\n                                    \n            <\/div>\n         <\/div>\n         <div class=\"course-preview\">\n         <a href=\"https:\/\/unibac.edu.co\/webnueva\/courses\/creative-unfold-think-outside-the-box\/\" rel=\"bookmark\">See Preview<\/a>\n         <\/div>\n      <\/div>\n   <\/article>   \n<\/div>\n\n  \n<div class=\"all health-fitness  item-columns\">\n   <article id=\"course-2-5906\" class=\"course-block post-5906 lp_course type-lp_course status-publish has-post-thumbnail hentry course_category-health-fitness course\">\n      <div class=\"course-thumbnail\">\n         <img loading=\"lazy\" decoding=\"async\" width=\"900\" height=\"600\" src=\"https:\/\/unibac.edu.co\/webnueva\/wp-content\/uploads\/2019\/08\/course-7.jpg\" class=\"attachment-full size-full wp-post-image\" alt=\"The Complete Salesforce Classic Administrator\" \/>         <div class=\"course-category\">\n            <a class=\"cat-course-link \" href=\"https:\/\/unibac.edu.co\/webnueva\/course-category\/health-fitness\/\" title=\"View all posts in Health &amp; Fitness\">Health &amp; Fitness<\/a>         <\/div>\n      <\/div>   \n\n      <div class=\"entry-content\">\n         <div class=\"content-top\">\n            <div class=\"course-author\">\n               <div class=\"author-picture\">\n                  <img decoding=\"async\" alt=\"Avatar del Usuario\" class=\"avatar\" src=\"https:\/\/secure.gravatar.com\/avatar\/9d8ce6b6d9cdf0902281f16d93264933f1a328c2259aec7fc8142984cb9cdbea?s=250&amp;d=mm&amp;r=g\" width=\"250\" height=\"250\" \/>               <\/div>\n               <div class=\"author-name\">\n                  <span>by&nbsp;<\/span><a href=\"https:\/\/unibac.edu.co\/webnueva\/instructor\/\"> <span class=\"instructor-display-name\">harold<\/span><\/a>               <\/div>\n            <\/div>\n\n            <h2 class=\"entry-title\"><a href=\"https:\/\/unibac.edu.co\/webnueva\/courses\/the-complete-salesforce-classic-administrator\/\" rel=\"bookmark\">The Complete Salesforce Classic Administrator<\/a><\/h2>\n            \n                           <div class=\"course-reviews\">\n                  <div class=\"course-review-wrapper\"><ul class=\"base-starts\"><li><i class=\"fa fa-star\"><\/i><\/li><li><i class=\"fa fa-star\"><\/i><\/li><li><i class=\"fa fa-star\"><\/i><\/li><li><i class=\"fa fa-star\"><\/i><\/li><li><i class=\"fa fa-star\"><\/i><\/li><\/ul><ul class=\"votes-starts\" style=\"width: 0%;\"><li><i class=\"fa fa-star\"><\/i><\/li><li><i class=\"fa fa-star\"><\/i><\/li><li><i class=\"fa fa-star\"><\/i><\/li><li><i class=\"fa fa-star\"><\/i><\/li><li><i class=\"fa fa-star\"><\/i><\/li><\/ul><\/div>                  <div class=\"average-ratings\">\n                     <span class=\"average\">0<\/span>\n                     <span class=\"rate-count\">0<\/span>\n                  <\/div>\n               <\/div>\n            \n         <\/div>\n         <div class=\"content-bottom\">\n            <div class=\"course-duration\">\n               <i class=\"icon far fa-clock\"><\/i>33 week            <\/div>\n            <div class=\"lesson-count\">\n            <i class=\"icon far fa-folder-open\"><\/i>\n               0 Lectures            <\/div>\n            <div class=\"course-price\">\n                                 <span class=\"price\">&#036;90.00<\/span>\n                                    \n            <\/div>\n         <\/div>\n         <div class=\"course-preview\">\n         <a href=\"https:\/\/unibac.edu.co\/webnueva\/courses\/the-complete-salesforce-classic-administrator\/\" rel=\"bookmark\">See Preview<\/a>\n         <\/div>\n      <\/div>\n   <\/article>   \n<\/div>\n\n  \n<div class=\"all photography  item-columns\">\n   <article id=\"course-2-5905\" class=\"course-block post-5905 lp_course type-lp_course status-publish has-post-thumbnail hentry course_category-photography course\">\n      <div class=\"course-thumbnail\">\n         <img loading=\"lazy\" decoding=\"async\" width=\"900\" height=\"600\" src=\"https:\/\/unibac.edu.co\/webnueva\/wp-content\/uploads\/2019\/08\/course-6.jpg\" class=\"attachment-full size-full wp-post-image\" alt=\"Swift programming for beginners\" \/>         <div class=\"course-category\">\n            <a class=\"cat-course-link \" href=\"https:\/\/unibac.edu.co\/webnueva\/course-category\/photography\/\" title=\"View all posts in Photography\">Photography<\/a>         <\/div>\n      <\/div>   \n\n      <div class=\"entry-content\">\n         <div class=\"content-top\">\n            <div class=\"course-author\">\n               <div class=\"author-picture\">\n                  <img decoding=\"async\" alt=\"Avatar del Usuario\" class=\"avatar\" src=\"https:\/\/secure.gravatar.com\/avatar\/9d8ce6b6d9cdf0902281f16d93264933f1a328c2259aec7fc8142984cb9cdbea?s=250&amp;d=mm&amp;r=g\" width=\"250\" height=\"250\" \/>               <\/div>\n               <div class=\"author-name\">\n                  <span>by&nbsp;<\/span><a href=\"https:\/\/unibac.edu.co\/webnueva\/instructor\/\"> <span class=\"instructor-display-name\">harold<\/span><\/a>               <\/div>\n            <\/div>\n\n            <h2 class=\"entry-title\"><a href=\"https:\/\/unibac.edu.co\/webnueva\/courses\/swift-programming-for-beginners\/\" rel=\"bookmark\">Swift programming for beginners<\/a><\/h2>\n            \n                           <div class=\"course-reviews\">\n                  <div class=\"course-review-wrapper\"><ul class=\"base-starts\"><li><i class=\"fa fa-star\"><\/i><\/li><li><i class=\"fa fa-star\"><\/i><\/li><li><i class=\"fa fa-star\"><\/i><\/li><li><i class=\"fa fa-star\"><\/i><\/li><li><i class=\"fa fa-star\"><\/i><\/li><\/ul><ul class=\"votes-starts\" style=\"width: 0%;\"><li><i class=\"fa fa-star\"><\/i><\/li><li><i class=\"fa fa-star\"><\/i><\/li><li><i class=\"fa fa-star\"><\/i><\/li><li><i class=\"fa fa-star\"><\/i><\/li><li><i class=\"fa fa-star\"><\/i><\/li><\/ul><\/div>                  <div class=\"average-ratings\">\n                     <span class=\"average\">0<\/span>\n                     <span class=\"rate-count\">0<\/span>\n                  <\/div>\n               <\/div>\n            \n         <\/div>\n         <div class=\"content-bottom\">\n            <div class=\"course-duration\">\n               <i class=\"icon far fa-clock\"><\/i>33 week            <\/div>\n            <div class=\"lesson-count\">\n            <i class=\"icon far fa-folder-open\"><\/i>\n               0 Lectures            <\/div>\n            <div class=\"course-price\">\n                                 <span class=\"price\">&#036;90.00<\/span>\n                                    \n            <\/div>\n         <\/div>\n         <div class=\"course-preview\">\n         <a href=\"https:\/\/unibac.edu.co\/webnueva\/courses\/swift-programming-for-beginners\/\" rel=\"bookmark\">See Preview<\/a>\n         <\/div>\n      <\/div>\n   <\/article>   \n<\/div>\n\n        <\/div>\r\n    <\/div>\r\n          <div class=\"pagination\">\r\n        <div class=\"column one pager_wrapper\"><div class=\"pager\"><div class=\"paginations\"><a href=\"https:\/\/unibac.edu.co\/webnueva\/wp-json\/wp\/v2\/pages\/6291\/\" class=\"page-item active\">1<\/a><a href=\"https:\/\/unibac.edu.co\/webnueva\/wp-json\/wp\/v2\/pages\/6291\/page\/2\/\" class=\"page-item\">2<\/a><a class=\"next_page\" href=\"https:\/\/unibac.edu.co\/webnueva\/wp-json\/wp\/v2\/pages\/6291\/page\/2\/\"><i class=\"gv-icon-165\"><\/i><\/a><\/div><\/div><\/div>\n      <\/div>\r\n      <\/div>\r\n  <\/div>\t\t\t\t<\/div>\n\t\t\t\t<\/div>\n\t\t\t\t\t<\/div>\n\t\t<\/div>\n\t\t\t\t<div class=\"elementor-column elementor-col-50 elementor-top-column elementor-element elementor-element-0d2e51c\" data-id=\"0d2e51c\" data-element_type=\"column\" data-e-type=\"column\">\n\t\t\t<div class=\"elementor-widget-wrap elementor-element-populated\">\n\t\t\t\t\t\t<div class=\"elementor-element elementor-element-1517c3e elementor-widget elementor-widget-sidebar\" data-id=\"1517c3e\" data-element_type=\"widget\" data-e-type=\"widget\" data-widget_type=\"sidebar.default\">\n\t\t\t\t<div class=\"elementor-widget-container\">\n\t\t\t\t\t\n\t\t<aside id=\"recent-posts-3\" class=\"widget clearfix widget_recent_entries\">\n\t\t<h3 class=\"widget-title\"><span>\u00daltimas Noticias<\/span><\/h3>\n\t\t<ul>\n\t\t\t\t\t\t\t\t\t\t\t<li>\n\t\t\t\t\t<a href=\"https:\/\/unibac.edu.co\/webnueva\/presentacion-de-novedades-editoriales-unibac\/\">Presentaci\u00f3n de Novedades Editoriales \u2013 Unibac<\/a>\n\t\t\t\t\t\t\t\t\t\t\t<span class=\"post-date\">30 marzo, 2026<\/span>\n\t\t\t\t\t\t\t\t\t<\/li>\n\t\t\t\t\t\t\t\t\t\t\t<li>\n\t\t\t\t\t<a href=\"https:\/\/unibac.edu.co\/webnueva\/estudiantes-de-diseno-industrial-unibac-finalistas-en-green-product-award-alemania-con-productos-hechos-con-flores-yuca-y-alpiste\/\">Estudiantes de Dise\u00f1o Industrial Unibac, finalistas en Green Product Award (Alemania) con productos hechos con flores, yuca y alpiste<\/a>\n\t\t\t\t\t\t\t\t\t\t\t<span class=\"post-date\">19 marzo, 2026<\/span>\n\t\t\t\t\t\t\t\t\t<\/li>\n\t\t\t\t\t\t\t\t\t\t\t<li>\n\t\t\t\t\t<a href=\"https:\/\/unibac.edu.co\/webnueva\/la-toma-2026-manantial-creativo-en-trabajos-de-grado-de-estudiantes-unibac\/\">\u201cLa Toma 2026\u201d, manantial creativo en trabajos de grado de estudiantes Unibac<\/a>\n\t\t\t\t\t\t\t\t\t\t\t<span class=\"post-date\">10 marzo, 2026<\/span>\n\t\t\t\t\t\t\t\t\t<\/li>\n\t\t\t\t\t\t\t\t\t\t\t<li>\n\t\t\t\t\t<a href=\"https:\/\/unibac.edu.co\/webnueva\/docentes-eligieron-representantes-ante-el-consejo-directivo-y-el-consejo-academico-de-unibac\/\">Docentes eligieron representantes ante el Consejo Directivo y el Consejo Acad\u00e9mico de Unibac<\/a>\n\t\t\t\t\t\t\t\t\t\t\t<span class=\"post-date\">4 marzo, 2026<\/span>\n\t\t\t\t\t\t\t\t\t<\/li>\n\t\t\t\t\t\t\t\t\t\t\t<li>\n\t\t\t\t\t<a href=\"https:\/\/unibac.edu.co\/webnueva\/talento-de-exportacion-orquesta-sinfonica-brasilena-vincula-a-violinista-de-unibac\/\">Talento de exportaci\u00f3n: Orquesta sinf\u00f3nica brasile\u00f1a vincula a violinista de Unibac<\/a>\n\t\t\t\t\t\t\t\t\t\t\t<span class=\"post-date\">25 febrero, 2026<\/span>\n\t\t\t\t\t\t\t\t\t<\/li>\n\t\t\t\t\t<\/ul>\n\n\t\t<\/aside>\t\t\t\t<\/div>\n\t\t\t\t<\/div>\n\t\t\t\t\t<\/div>\n\t\t<\/div>\n\t\t\t\t\t<\/div>\n\t\t<\/section>\n\t\t\t\t<section class=\"elementor-section elementor-top-section elementor-element elementor-element-de8d478 elementor-section-boxed elementor-section-height-default elementor-section-height-default\" data-id=\"de8d478\" data-element_type=\"section\" data-e-type=\"section\" data-settings=\"{&quot;background_background&quot;:&quot;classic&quot;,&quot;_ha_eqh_enable&quot;:false}\">\n\t\t\t\t\t\t<div class=\"elementor-container elementor-column-gap-default\">\n\t\t\t\t\t<div class=\"elementor-column elementor-col-100 elementor-top-column elementor-element elementor-element-e35fbcc\" data-id=\"e35fbcc\" data-element_type=\"column\" data-e-type=\"column\">\n\t\t\t<div class=\"elementor-widget-wrap elementor-element-populated\">\n\t\t\t\t\t\t<div class=\"elementor-element elementor-element-dc8661c elementor-widget elementor-widget-gva-heading-block\" data-id=\"dc8661c\" data-element_type=\"widget\" data-e-type=\"widget\" data-widget_type=\"gva-heading-block.default\">\n\t\t\t\t<div class=\"elementor-widget-container\">\n\t\t\t\t\t<div class=\"gva-element-gva-heading-block gva-element\">   <div class=\"align-center style-1 widget gsc-heading\">\r\n      <div class=\"content-inner\">\r\n         \r\n                  \r\n                  \r\n                     <h2 class=\"title\">\r\n               <span>Best teachers in every subject. <a href=\"#\">Let\u2019s get started<\/a><\/span>\r\n            <\/h2>\r\n         \r\n                     <div class=\"sub-title\"><span>We can teach you anything<\/span><\/div>\r\n          \r\n\r\n         \r\n                     <div class=\"heading-action\">\r\n                       <a href=\"#\" class=\"btn-theme btn-cta\">\r\n          Get Started        <\/a>\r\n\r\n                    <\/div>\r\n         \r\n      <\/div>\r\n   <\/div>\r\n   <div class=\"clearfix\"><\/div>\r\n<\/div>\t\t\t\t<\/div>\n\t\t\t\t<\/div>\n\t\t\t\t\t<\/div>\n\t\t<\/div>\n\t\t\t\t\t<\/div>\n\t\t<\/section>\n\t\t\t\t<\/div>\n\t\t","protected":false},"excerpt":{"rendered":"<p>It &amp; Software by&nbsp;Christine Eve AWS Certified Cloud Practitioner 4 1 33 week 19 Lectures &#36;90.0 &#36;100.0 See Preview It [&hellip;]<\/p>\n","protected":false},"author":1,"featured_media":0,"parent":0,"menu_order":0,"comment_status":"closed","ping_status":"closed","template":"","meta":{"footnotes":""},"class_list":["post-6291","page","type-page","status-publish","hentry"],"_links":{"self":[{"href":"https:\/\/unibac.edu.co\/webnueva\/wp-json\/wp\/v2\/pages\/6291","targetHints":{"allow":["GET"]}}],"collection":[{"href":"https:\/\/unibac.edu.co\/webnueva\/wp-json\/wp\/v2\/pages"}],"about":[{"href":"https:\/\/unibac.edu.co\/webnueva\/wp-json\/wp\/v2\/types\/page"}],"author":[{"embeddable":true,"href":"https:\/\/unibac.edu.co\/webnueva\/wp-json\/wp\/v2\/users\/1"}],"replies":[{"embeddable":true,"href":"https:\/\/unibac.edu.co\/webnueva\/wp-json\/wp\/v2\/comments?post=6291"}],"version-history":[{"count":0,"href":"https:\/\/unibac.edu.co\/webnueva\/wp-json\/wp\/v2\/pages\/6291\/revisions"}],"wp:attachment":[{"href":"https:\/\/unibac.edu.co\/webnueva\/wp-json\/wp\/v2\/media?parent=6291"}],"curies":[{"name":"wp","href":"https:\/\/api.w.org\/{rel}","templated":true}]}}