{"id":506,"date":"2016-03-04T02:30:30","date_gmt":"2016-03-04T02:30:30","guid":{"rendered":"https:\/\/themesgavias.com\/wp\/kipso\/?page_id=506"},"modified":"2016-03-04T02:30:30","modified_gmt":"2016-03-04T02:30:30","slug":"news-2","status":"publish","type":"page","link":"https:\/\/unibac.edu.co\/webnueva\/news-2\/","title":{"rendered":"News II"},"content":{"rendered":"\t\t<div data-elementor-type=\"wp-post\" data-elementor-id=\"506\" class=\"elementor elementor-506\" data-elementor-settings=\"{&quot;ha_cmc_init_switcher&quot;:&quot;no&quot;}\">\n\t\t\t\t\t\t<section class=\"elementor-section elementor-top-section elementor-element elementor-element-4d2980f elementor-section-boxed elementor-section-height-default elementor-section-height-default\" data-id=\"4d2980f\" data-element_type=\"section\" data-e-type=\"section\" data-settings=\"{&quot;_ha_eqh_enable&quot;:false}\">\n\t\t\t\t\t\t<div class=\"elementor-container elementor-column-gap-default\">\n\t\t\t\t\t<div class=\"elementor-column elementor-col-100 elementor-top-column elementor-element elementor-element-cc38b96\" data-id=\"cc38b96\" data-element_type=\"column\" data-e-type=\"column\">\n\t\t\t<div class=\"elementor-widget-wrap elementor-element-populated\">\n\t\t\t\t\t\t<div class=\"elementor-element elementor-element-c44d968 elementor-widget elementor-widget-gva-posts\" data-id=\"c44d968\" data-element_type=\"widget\" data-e-type=\"widget\" data-widget_type=\"gva-posts.default\">\n\t\t\t\t<div class=\"elementor-widget-container\">\n\t\t\t\t\t<div class=\"gva-element-gva-posts gva-element\">  \r\n  <div class=\"gva-posts-grid clearfix gva-posts\">\r\n      <div class=\"gva-content-items\"> \r\n        <div class=\"lg-block-grid-3 md-block-grid-2 sm-block-grid-2 xs-block-grid-1\">\r\n          \r\n<div class=\"all noticias-unibac  item-columns\">\r\n   <article id=\"post-28920\" class=\"post-style-1 post-28920 post type-post status-publish format-standard hentry category-noticias-unibac\">\r\n      <div class=\"post-thumbnail\">\r\n                  <div class=\"post-author\"><span>By <\/span>harold<\/div>\r\n      <\/div>   \r\n\r\n      <div class=\"entry-content\">\r\n         \r\n         <div class=\"content-inner\">\r\n            <div class=\"entry-meta\">\r\n               <span class=\"entry-date\"><a href=\"https:\/\/unibac.edu.co\/webnueva\/nos-esperes-mas-llegan-las-mejores-vacaciones-en-unibac\/\" rel=\"bookmark\"><time class=\"entry-date\" datetime=\"2026-05-05T12:24:00-05:00\">5 mayo, 2026<\/time><\/a><\/span>            <\/div> \r\n            <h2 class=\"entry-title\"><a href=\"https:\/\/unibac.edu.co\/webnueva\/nos-esperes-mas-llegan-las-mejores-vacaciones-en-unibac\/\" rel=\"bookmark\">\u00a1Nos esperes m\u00e1s: Llegan las mejores vacaciones en Unibac!<\/a><\/h2>\r\n            <div class=\"entry-description\">\r\n               Noticias \u00a1Nos esperes m\u00e1s: Llegan las mejores vacaciones en Unibac! Cartagena de Indias, 5 de mayo de 2026. La diversi\u00f3n [&hellip;]            <\/div>\r\n         <\/div>\r\n\r\n         <div class=\"read-more\"><a class=\"btn-theme\" href=\"https:\/\/unibac.edu.co\/webnueva\/nos-esperes-mas-llegan-las-mejores-vacaciones-en-unibac\/\">Read more <\/a><\/div>\r\n         \r\n      <\/div>\r\n   <\/article>   \r\n<\/div>\r\n\r\n  \r\n<div class=\"all noticias-unibac  item-columns\">\r\n   <article id=\"post-28911\" class=\"post-style-1 post-28911 post type-post status-publish format-standard hentry category-noticias-unibac\">\r\n      <div class=\"post-thumbnail\">\r\n                  <div class=\"post-author\"><span>By <\/span>harold<\/div>\r\n      <\/div>   \r\n\r\n      <div class=\"entry-content\">\r\n         \r\n         <div class=\"content-inner\">\r\n            <div class=\"entry-meta\">\r\n               <span class=\"entry-date\"><a href=\"https:\/\/unibac.edu.co\/webnueva\/tesis-de-grado-doctoral-sobre-german-cespedes-director-del-conservatorio-de-musica-de-unibac-obtiene-distincion-laureada\/\" rel=\"bookmark\"><time class=\"entry-date\" datetime=\"2026-04-24T13:28:00-05:00\">24 abril, 2026<\/time><\/a><\/span>            <\/div> \r\n            <h2 class=\"entry-title\"><a href=\"https:\/\/unibac.edu.co\/webnueva\/tesis-de-grado-doctoral-sobre-german-cespedes-director-del-conservatorio-de-musica-de-unibac-obtiene-distincion-laureada\/\" rel=\"bookmark\">Tesis de grado doctoral sobre Germ\u00e1n C\u00e9spedes, director del Conservatorio de M\u00fasica de Unibac, obtiene distinci\u00f3n laureada<\/a><\/h2>\r\n            <div class=\"entry-description\">\r\n               Noticias Tesis de grado doctoral sobre Germ\u00e1n C\u00e9spedes, director del Conservatorio de M\u00fasica de Unibac, obtiene distinci\u00f3n laureada Cartagena de [&hellip;]            <\/div>\r\n         <\/div>\r\n\r\n         <div class=\"read-more\"><a class=\"btn-theme\" href=\"https:\/\/unibac.edu.co\/webnueva\/tesis-de-grado-doctoral-sobre-german-cespedes-director-del-conservatorio-de-musica-de-unibac-obtiene-distincion-laureada\/\">Read more <\/a><\/div>\r\n         \r\n      <\/div>\r\n   <\/article>   \r\n<\/div>\r\n\r\n  \r\n<div class=\"all noticias-unibac  item-columns\">\r\n   <article id=\"post-28902\" class=\"post-style-1 post-28902 post type-post status-publish format-standard hentry category-noticias-unibac\">\r\n      <div class=\"post-thumbnail\">\r\n                  <div class=\"post-author\"><span>By <\/span>harold<\/div>\r\n      <\/div>   \r\n\r\n      <div class=\"entry-content\">\r\n         \r\n         <div class=\"content-inner\">\r\n            <div class=\"entry-meta\">\r\n               <span class=\"entry-date\"><a href=\"https:\/\/unibac.edu.co\/webnueva\/ustedes-representan-el-capital-intelectual-renovador-de-nuestra-region-sacra-nader-en-ceremonia-de-graduacion-de-98-nuevos-profesionales-de-unibac\/\" rel=\"bookmark\"><time class=\"entry-date\" datetime=\"2026-04-22T15:40:00-05:00\">22 abril, 2026<\/time><\/a><\/span>            <\/div> \r\n            <h2 class=\"entry-title\"><a href=\"https:\/\/unibac.edu.co\/webnueva\/ustedes-representan-el-capital-intelectual-renovador-de-nuestra-region-sacra-nader-en-ceremonia-de-graduacion-de-98-nuevos-profesionales-de-unibac\/\" rel=\"bookmark\">\u201cUstedes representan el capital intelectual renovador de nuestra regi\u00f3n\u201d: Sacra N\u00e1der en ceremonia de graduaci\u00f3n de 98 nuevos profesionales de Unibac<\/a><\/h2>\r\n            <div class=\"entry-description\">\r\n               Noticias \u201cUstedes representan el capital intelectual renovador de nuestra regi\u00f3n\u201d: Sacra N\u00e1der en ceremonia de graduaci\u00f3n de 98 nuevos profesionales [&hellip;]            <\/div>\r\n         <\/div>\r\n\r\n         <div class=\"read-more\"><a class=\"btn-theme\" href=\"https:\/\/unibac.edu.co\/webnueva\/ustedes-representan-el-capital-intelectual-renovador-de-nuestra-region-sacra-nader-en-ceremonia-de-graduacion-de-98-nuevos-profesionales-de-unibac\/\">Read more <\/a><\/div>\r\n         \r\n      <\/div>\r\n   <\/article>   \r\n<\/div>\r\n\r\n  \r\n<div class=\"all noticias-unibac  item-columns\">\r\n   <article id=\"post-28842\" class=\"post-style-1 post-28842 post type-post status-publish format-standard hentry category-noticias-unibac\">\r\n      <div class=\"post-thumbnail\">\r\n                  <div class=\"post-author\"><span>By <\/span>harold<\/div>\r\n      <\/div>   \r\n\r\n      <div class=\"entry-content\">\r\n         \r\n         <div class=\"content-inner\">\r\n            <div class=\"entry-meta\">\r\n               <span class=\"entry-date\"><a href=\"https:\/\/unibac.edu.co\/webnueva\/presentacion-de-novedades-editoriales-unibac\/\" rel=\"bookmark\"><time class=\"entry-date\" datetime=\"2026-03-30T12:33:00-05:00\">30 marzo, 2026<\/time><\/a><\/span>            <\/div> \r\n            <h2 class=\"entry-title\"><a href=\"https:\/\/unibac.edu.co\/webnueva\/presentacion-de-novedades-editoriales-unibac\/\" rel=\"bookmark\">Presentaci\u00f3n de Novedades Editoriales \u2013 Unibac<\/a><\/h2>\r\n            <div class=\"entry-description\">\r\n               Noticias Presentaci\u00f3n de Novedades Editoriales \u2013 Unibac Cartagena de Indias, 26 de marzo de 2026. El pasado 26 de marzo [&hellip;]            <\/div>\r\n         <\/div>\r\n\r\n         <div class=\"read-more\"><a class=\"btn-theme\" href=\"https:\/\/unibac.edu.co\/webnueva\/presentacion-de-novedades-editoriales-unibac\/\">Read more <\/a><\/div>\r\n         \r\n      <\/div>\r\n   <\/article>   \r\n<\/div>\r\n\r\n  \r\n<div class=\"all noticias-unibac  item-columns\">\r\n   <article id=\"post-28830\" class=\"post-style-1 post-28830 post type-post status-publish format-standard hentry category-noticias-unibac\">\r\n      <div class=\"post-thumbnail\">\r\n                  <div class=\"post-author\"><span>By <\/span>harold<\/div>\r\n      <\/div>   \r\n\r\n      <div class=\"entry-content\">\r\n         \r\n         <div class=\"content-inner\">\r\n            <div class=\"entry-meta\">\r\n               <span class=\"entry-date\"><a href=\"https:\/\/unibac.edu.co\/webnueva\/estudiantes-de-diseno-industrial-unibac-finalistas-en-green-product-award-alemania-con-productos-hechos-con-flores-yuca-y-alpiste\/\" rel=\"bookmark\"><time class=\"entry-date\" datetime=\"2026-03-19T10:09:00-05:00\">19 marzo, 2026<\/time><\/a><\/span>            <\/div> \r\n            <h2 class=\"entry-title\"><a href=\"https:\/\/unibac.edu.co\/webnueva\/estudiantes-de-diseno-industrial-unibac-finalistas-en-green-product-award-alemania-con-productos-hechos-con-flores-yuca-y-alpiste\/\" rel=\"bookmark\">Estudiantes de Dise\u00f1o Industrial Unibac, finalistas en Green Product Award (Alemania) con productos hechos con flores, yuca y alpiste<\/a><\/h2>\r\n            <div class=\"entry-description\">\r\n               Noticias Estudiantes de Dise\u00f1o Industrial Unibac, finalistas en Green Product Award (Alemania) con productos hechos con flores, yuca y alpiste [&hellip;]            <\/div>\r\n         <\/div>\r\n\r\n         <div class=\"read-more\"><a class=\"btn-theme\" href=\"https:\/\/unibac.edu.co\/webnueva\/estudiantes-de-diseno-industrial-unibac-finalistas-en-green-product-award-alemania-con-productos-hechos-con-flores-yuca-y-alpiste\/\">Read more <\/a><\/div>\r\n         \r\n      <\/div>\r\n   <\/article>   \r\n<\/div>\r\n\r\n  \r\n<div class=\"all noticias-unibac  item-columns\">\r\n   <article id=\"post-28770\" class=\"post-style-1 post-28770 post type-post status-publish format-standard hentry category-noticias-unibac\">\r\n      <div class=\"post-thumbnail\">\r\n                  <div class=\"post-author\"><span>By <\/span>harold<\/div>\r\n      <\/div>   \r\n\r\n      <div class=\"entry-content\">\r\n         \r\n         <div class=\"content-inner\">\r\n            <div class=\"entry-meta\">\r\n               <span class=\"entry-date\"><a href=\"https:\/\/unibac.edu.co\/webnueva\/la-toma-2026-manantial-creativo-en-trabajos-de-grado-de-estudiantes-unibac\/\" rel=\"bookmark\"><time class=\"entry-date\" datetime=\"2026-03-10T09:08:00-05:00\">10 marzo, 2026<\/time><\/a><\/span>            <\/div> \r\n            <h2 class=\"entry-title\"><a href=\"https:\/\/unibac.edu.co\/webnueva\/la-toma-2026-manantial-creativo-en-trabajos-de-grado-de-estudiantes-unibac\/\" rel=\"bookmark\">\u201cLa Toma 2026\u201d, manantial creativo en trabajos de grado de estudiantes Unibac<\/a><\/h2>\r\n            <div class=\"entry-description\">\r\n               Noticias \u201cLa Toma 2026\u201d, manantial creativo en trabajos de grado de estudiantes Unibac Cartagena de Indias, 10 de marzo de [&hellip;]            <\/div>\r\n         <\/div>\r\n\r\n         <div class=\"read-more\"><a class=\"btn-theme\" href=\"https:\/\/unibac.edu.co\/webnueva\/la-toma-2026-manantial-creativo-en-trabajos-de-grado-de-estudiantes-unibac\/\">Read more <\/a><\/div>\r\n         \r\n      <\/div>\r\n   <\/article>   \r\n<\/div>\r\n\r\n          <\/div>\r\n      <\/div>\r\n                <div class=\"pagination\">\r\n              <div class=\"column one pager_wrapper\"><div class=\"pager\"><div class=\"paginations\"><a href=\"https:\/\/unibac.edu.co\/webnueva\/wp-json\/wp\/v2\/pages\/506\/\" class=\"page-item active\">1<\/a><a href=\"https:\/\/unibac.edu.co\/webnueva\/wp-json\/wp\/v2\/pages\/506\/page\/2\/\" class=\"page-item\">2<\/a><a href=\"https:\/\/unibac.edu.co\/webnueva\/wp-json\/wp\/v2\/pages\/506\/page\/3\/\" class=\"page-item\">3<\/a><span class=\"page-item\">... <\/span><a href=\"https:\/\/unibac.edu.co\/webnueva\/wp-json\/wp\/v2\/pages\/506\/page\/72\/\" class=\"page-item\">72<\/a><a class=\"next_page\" href=\"https:\/\/unibac.edu.co\/webnueva\/wp-json\/wp\/v2\/pages\/506\/page\/2\/\"><i class=\"gv-icon-165\"><\/i><\/a><\/div><\/div><\/div>\n          <\/div>\r\n        <\/div>\r\n  <\/div>\t\t\t\t<\/div>\n\t\t\t\t<\/div>\n\t\t\t\t\t<\/div>\n\t\t<\/div>\n\t\t\t\t\t<\/div>\n\t\t<\/section>\n\t\t\t\t<\/div>\n\t\t","protected":false},"excerpt":{"rendered":"<p>By Jessica Brown January 3, 2016 Many important brands have given us their trust Aelltes port lacus quis enim var [&hellip;]<\/p>\n","protected":false},"author":1,"featured_media":0,"parent":0,"menu_order":0,"comment_status":"closed","ping_status":"closed","template":"","meta":{"footnotes":""},"class_list":["post-506","page","type-page","status-publish","hentry"],"_links":{"self":[{"href":"https:\/\/unibac.edu.co\/webnueva\/wp-json\/wp\/v2\/pages\/506","targetHints":{"allow":["GET"]}}],"collection":[{"href":"https:\/\/unibac.edu.co\/webnueva\/wp-json\/wp\/v2\/pages"}],"about":[{"href":"https:\/\/unibac.edu.co\/webnueva\/wp-json\/wp\/v2\/types\/page"}],"author":[{"embeddable":true,"href":"https:\/\/unibac.edu.co\/webnueva\/wp-json\/wp\/v2\/users\/1"}],"replies":[{"embeddable":true,"href":"https:\/\/unibac.edu.co\/webnueva\/wp-json\/wp\/v2\/comments?post=506"}],"version-history":[{"count":0,"href":"https:\/\/unibac.edu.co\/webnueva\/wp-json\/wp\/v2\/pages\/506\/revisions"}],"wp:attachment":[{"href":"https:\/\/unibac.edu.co\/webnueva\/wp-json\/wp\/v2\/media?parent=506"}],"curies":[{"name":"wp","href":"https:\/\/api.w.org\/{rel}","templated":true}]}}