{"id":27956,"date":"2025-09-09T15:35:06","date_gmt":"2025-09-09T20:35:06","guid":{"rendered":"https:\/\/unibac.edu.co\/webnueva\/?page_id=27956"},"modified":"2025-09-09T15:52:09","modified_gmt":"2025-09-09T20:52:09","slug":"investigacion-en-unibac","status":"publish","type":"page","link":"https:\/\/unibac.edu.co\/webnueva\/investigacion-en-unibac\/","title":{"rendered":"Investigaci\u00f3n en Unibac"},"content":{"rendered":"\t\t<div data-elementor-type=\"wp-page\" data-elementor-id=\"27956\" class=\"elementor elementor-27956\" data-elementor-settings=\"{&quot;ha_cmc_init_switcher&quot;:&quot;no&quot;}\">\n\t\t\t\t\t\t<section class=\"elementor-section elementor-top-section elementor-element elementor-element-dc47303 elementor-section-full_width elementor-section-height-min-height elementor-section-stretched elementor-section-height-default elementor-section-items-middle\" data-id=\"dc47303\" data-element_type=\"section\" data-e-type=\"section\" data-settings=\"{&quot;stretch_section&quot;:&quot;section-stretched&quot;,&quot;background_background&quot;:&quot;classic&quot;,&quot;_ha_eqh_enable&quot;:false}\">\n\t\t\t\t\t\t<div class=\"elementor-container elementor-column-gap-default\">\n\t\t\t\t\t<div class=\"elementor-column elementor-col-100 elementor-top-column elementor-element elementor-element-2fd8d68\" data-id=\"2fd8d68\" data-element_type=\"column\" data-e-type=\"column\">\n\t\t\t<div class=\"elementor-widget-wrap\">\n\t\t\t\t\t\t\t<\/div>\n\t\t<\/div>\n\t\t\t\t\t<\/div>\n\t\t<\/section>\n\t\t\t\t<section class=\"elementor-section elementor-top-section elementor-element elementor-element-9b06635 elementor-section-full_width elementor-section-stretched elementor-section-height-default elementor-section-height-default\" data-id=\"9b06635\" data-element_type=\"section\" data-e-type=\"section\" data-settings=\"{&quot;stretch_section&quot;:&quot;section-stretched&quot;,&quot;_ha_eqh_enable&quot;:false}\">\n\t\t\t\t\t\t<div class=\"elementor-container elementor-column-gap-default\">\n\t\t\t\t\t<div class=\"elementor-column elementor-col-100 elementor-top-column elementor-element elementor-element-448ee18\" data-id=\"448ee18\" data-element_type=\"column\" data-e-type=\"column\">\n\t\t\t<div class=\"elementor-widget-wrap elementor-element-populated\">\n\t\t\t\t\t\t<section class=\"elementor-section elementor-inner-section elementor-element elementor-element-9ac79c8 elementor-section-full_width elementor-section-height-default elementor-section-height-default\" data-id=\"9ac79c8\" data-element_type=\"section\" data-e-type=\"section\" data-settings=\"{&quot;_ha_eqh_enable&quot;:false}\">\n\t\t\t\t\t\t<div class=\"elementor-container elementor-column-gap-default\">\n\t\t\t\t\t<div class=\"elementor-column elementor-col-50 elementor-inner-column elementor-element elementor-element-7559d35\" data-id=\"7559d35\" data-element_type=\"column\" data-e-type=\"column\" data-settings=\"{&quot;background_background&quot;:&quot;classic&quot;}\">\n\t\t\t<div class=\"elementor-widget-wrap elementor-element-populated\">\n\t\t\t\t\t\t<div class=\"elementor-element elementor-element-68f6b10 elementor-widget elementor-widget-heading\" data-id=\"68f6b10\" data-element_type=\"widget\" data-e-type=\"widget\" data-widget_type=\"heading.default\">\n\t\t\t\t<div class=\"elementor-widget-container\">\n\t\t\t\t\t<h2 class=\"elementor-heading-title elementor-size-default\">Investigaci\u00f3n<\/h2>\t\t\t\t<\/div>\n\t\t\t\t<\/div>\n\t\t\t\t<div class=\"elementor-element elementor-element-c7e2d7b elementor-align-justify elementor-widget elementor-widget-button\" data-id=\"c7e2d7b\" data-element_type=\"widget\" data-e-type=\"widget\" data-widget_type=\"button.default\">\n\t\t\t\t<div class=\"elementor-widget-container\">\n\t\t\t\t\t\t\t\t\t<div class=\"elementor-button-wrapper\">\n\t\t\t\t\t<a class=\"elementor-button elementor-button-link elementor-size-sm\" href=\"https:\/\/unibac.edu.co\/webnueva\/cidesbac\/\">\n\t\t\t\t\t\t<span class=\"elementor-button-content-wrapper\">\n\t\t\t\t\t\t<span class=\"elementor-button-icon\">\n\t\t\t\t<i aria-hidden=\"true\" class=\"fas fa-angle-right\"><\/i>\t\t\t<\/span>\n\t\t\t\t\t\t\t\t\t<span class=\"elementor-button-text\">CIdesbac<\/span>\n\t\t\t\t\t<\/span>\n\t\t\t\t\t<\/a>\n\t\t\t\t<\/div>\n\t\t\t\t\t\t\t\t<\/div>\n\t\t\t\t<\/div>\n\t\t\t\t<div class=\"elementor-element elementor-element-712099b elementor-align-justify elementor-widget elementor-widget-button\" data-id=\"712099b\" data-element_type=\"widget\" data-e-type=\"widget\" data-widget_type=\"button.default\">\n\t\t\t\t<div class=\"elementor-widget-container\">\n\t\t\t\t\t\t\t\t\t<div class=\"elementor-button-wrapper\">\n\t\t\t\t\t<a class=\"elementor-button elementor-button-link elementor-size-sm\" href=\"https:\/\/unibac.edu.co\/webnueva\/investigacion-en-unibac\/\">\n\t\t\t\t\t\t<span class=\"elementor-button-content-wrapper\">\n\t\t\t\t\t\t<span class=\"elementor-button-icon\">\n\t\t\t\t<i aria-hidden=\"true\" class=\"fas fa-angle-right\"><\/i>\t\t\t<\/span>\n\t\t\t\t\t\t\t\t\t<span class=\"elementor-button-text\">Sobre la investigaci\u00f3n en Unibac<\/span>\n\t\t\t\t\t<\/span>\n\t\t\t\t\t<\/a>\n\t\t\t\t<\/div>\n\t\t\t\t\t\t\t\t<\/div>\n\t\t\t\t<\/div>\n\t\t\t\t<div class=\"elementor-element elementor-element-efda08b elementor-align-justify elementor-widget elementor-widget-button\" data-id=\"efda08b\" data-element_type=\"widget\" data-e-type=\"widget\" data-widget_type=\"button.default\">\n\t\t\t\t<div class=\"elementor-widget-container\">\n\t\t\t\t\t\t\t\t\t<div class=\"elementor-button-wrapper\">\n\t\t\t\t\t<a class=\"elementor-button elementor-button-link elementor-size-sm\" href=\"https:\/\/unibac.edu.co\/webnueva\/grupos-de-investigacion-en-unibac\/\">\n\t\t\t\t\t\t<span class=\"elementor-button-content-wrapper\">\n\t\t\t\t\t\t<span class=\"elementor-button-icon\">\n\t\t\t\t<i aria-hidden=\"true\" class=\"fas fa-angle-right\"><\/i>\t\t\t<\/span>\n\t\t\t\t\t\t\t\t\t<span class=\"elementor-button-text\">Grupos de Investigaci\u00f3n<\/span>\n\t\t\t\t\t<\/span>\n\t\t\t\t\t<\/a>\n\t\t\t\t<\/div>\n\t\t\t\t\t\t\t\t<\/div>\n\t\t\t\t<\/div>\n\t\t\t\t<div class=\"elementor-element elementor-element-9481f81 elementor-align-justify elementor-widget elementor-widget-button\" data-id=\"9481f81\" data-element_type=\"widget\" data-e-type=\"widget\" data-widget_type=\"button.default\">\n\t\t\t\t<div class=\"elementor-widget-container\">\n\t\t\t\t\t\t\t\t\t<div class=\"elementor-button-wrapper\">\n\t\t\t\t\t<a class=\"elementor-button elementor-button-link elementor-size-sm\" href=\"https:\/\/unibac.edu.co\/webnueva\/semilleros\/\">\n\t\t\t\t\t\t<span class=\"elementor-button-content-wrapper\">\n\t\t\t\t\t\t<span class=\"elementor-button-icon\">\n\t\t\t\t<i aria-hidden=\"true\" class=\"fas fa-angle-right\"><\/i>\t\t\t<\/span>\n\t\t\t\t\t\t\t\t\t<span class=\"elementor-button-text\">Semilleros de Investigaci\u00f3n<\/span>\n\t\t\t\t\t<\/span>\n\t\t\t\t\t<\/a>\n\t\t\t\t<\/div>\n\t\t\t\t\t\t\t\t<\/div>\n\t\t\t\t<\/div>\n\t\t\t\t<div class=\"elementor-element elementor-element-60dc023 elementor-align-justify elementor-widget elementor-widget-button\" data-id=\"60dc023\" data-element_type=\"widget\" data-e-type=\"widget\" data-widget_type=\"button.default\">\n\t\t\t\t<div class=\"elementor-widget-container\">\n\t\t\t\t\t\t\t\t\t<div class=\"elementor-button-wrapper\">\n\t\t\t\t\t<a class=\"elementor-button elementor-button-link elementor-size-sm\" href=\"https:\/\/unibac.edu.co\/webnueva\/fondo-editorial\/\">\n\t\t\t\t\t\t<span class=\"elementor-button-content-wrapper\">\n\t\t\t\t\t\t<span class=\"elementor-button-icon\">\n\t\t\t\t<i aria-hidden=\"true\" class=\"fas fa-angle-right\"><\/i>\t\t\t<\/span>\n\t\t\t\t\t\t\t\t\t<span class=\"elementor-button-text\">Fondo Editorial<\/span>\n\t\t\t\t\t<\/span>\n\t\t\t\t\t<\/a>\n\t\t\t\t<\/div>\n\t\t\t\t\t\t\t\t<\/div>\n\t\t\t\t<\/div>\n\t\t\t\t\t<\/div>\n\t\t<\/div>\n\t\t\t\t<div class=\"elementor-column elementor-col-50 elementor-inner-column elementor-element elementor-element-deedec5\" data-id=\"deedec5\" data-element_type=\"column\" data-e-type=\"column\">\n\t\t\t<div class=\"elementor-widget-wrap elementor-element-populated\">\n\t\t\t\t\t\t<div class=\"elementor-element elementor-element-d0c23cd elementor-widget elementor-widget-gva-heading-block\" data-id=\"d0c23cd\" data-element_type=\"widget\" data-e-type=\"widget\" data-widget_type=\"gva-heading-block.default\">\n\t\t\t\t<div class=\"elementor-widget-container\">\n\t\t\t\t\t<div class=\"gva-element-gva-heading-block gva-element\">   <div class=\"align-left style-1 widget gsc-heading\">\r\n      <div class=\"content-inner\">\r\n         \r\n                  \r\n                  \r\n                     <h2 class=\"title\">\r\n               <span>Investigaci\u00f3n<\/span>\r\n            <\/h2>\r\n         \r\n                     <div class=\"sub-title\"><span>Sobre la Investigaci\u00f3n en Ubibac<\/span><\/div>\r\n          \r\n\r\n         \r\n         \r\n      <\/div>\r\n   <\/div>\r\n   <div class=\"clearfix\"><\/div>\r\n<\/div>\t\t\t\t<\/div>\n\t\t\t\t<\/div>\n\t\t\t\t<div class=\"elementor-element elementor-element-61617da elementor-widget elementor-widget-image\" data-id=\"61617da\" data-element_type=\"widget\" data-e-type=\"widget\" data-widget_type=\"image.default\">\n\t\t\t\t<div class=\"elementor-widget-container\">\n\t\t\t\t\t\t\t\t\t\t\t\t\t\t\t<img fetchpriority=\"high\" decoding=\"async\" width=\"462\" height=\"201\" src=\"https:\/\/unibac.edu.co\/webnueva\/wp-content\/uploads\/2021\/06\/mision_1.jpg\" class=\"attachment-large size-large wp-image-7695\" alt=\"\" \/>\t\t\t\t\t\t\t\t\t\t\t\t\t\t\t<\/div>\n\t\t\t\t<\/div>\n\t\t\t\t\t<\/div>\n\t\t<\/div>\n\t\t\t\t\t<\/div>\n\t\t<\/section>\n\t\t\t\t\t<\/div>\n\t\t<\/div>\n\t\t\t\t\t<\/div>\n\t\t<\/section>\n\t\t\t\t<section class=\"elementor-section elementor-top-section elementor-element elementor-element-652a119 elementor-section-full_width elementor-section-height-default elementor-section-height-default\" data-id=\"652a119\" data-element_type=\"section\" data-e-type=\"section\" data-settings=\"{&quot;_ha_eqh_enable&quot;:false}\">\n\t\t\t\t\t\t<div class=\"elementor-container elementor-column-gap-default\">\n\t\t\t\t\t<div class=\"elementor-column elementor-col-100 elementor-top-column elementor-element elementor-element-27866e3\" data-id=\"27866e3\" data-element_type=\"column\" data-e-type=\"column\">\n\t\t\t<div class=\"elementor-widget-wrap elementor-element-populated\">\n\t\t\t\t\t\t<div class=\"elementor-element elementor-element-b780990 elementor-widget elementor-widget-gva-heading-block\" data-id=\"b780990\" data-element_type=\"widget\" data-e-type=\"widget\" data-widget_type=\"gva-heading-block.default\">\n\t\t\t\t<div class=\"elementor-widget-container\">\n\t\t\t\t\t<div class=\"gva-element-gva-heading-block gva-element\">   <div class=\"align-center style-1 widget gsc-heading\">\r\n      <div class=\"content-inner\">\r\n         \r\n                  \r\n                  \r\n                     <h2 class=\"title\">\r\n               <span><B> \"<\/B>Una pr\u00e1ctica situada de creaci\u00f3n, pensamiento y transformaci\u00f3n<B> \"<\/B><\/span>\r\n            <\/h2>\r\n         \r\n          \r\n\r\n         \r\n         \r\n      <\/div>\r\n   <\/div>\r\n   <div class=\"clearfix\"><\/div>\r\n<\/div>\t\t\t\t<\/div>\n\t\t\t\t<\/div>\n\t\t\t\t<div class=\"elementor-element elementor-element-9954567 elementor-widget elementor-widget-text-editor\" data-id=\"9954567\" data-element_type=\"widget\" data-e-type=\"widget\" data-widget_type=\"text-editor.default\">\n\t\t\t\t<div class=\"elementor-widget-container\">\n\t\t\t\t\t\t\t\t\t<p>En la Instituci\u00f3n Universitaria Bellas Artes y Ciencias de Bol\u00edvar, entendemos la investigaci\u00f3n no como una funci\u00f3n segregada del quehacer acad\u00e9mico, ni mucho menos como la aplicaci\u00f3n mec\u00e1nica de metodolog\u00edas heredadas de otros campos, sino como una praxis epist\u00e9mica situada que articula creaci\u00f3n, cr\u00edtica, memoria y proyecci\u00f3n territorial. Se trata, en efecto, de una forma de conocimiento que no se limita al lenguaje ni a la validaci\u00f3n por replicaci\u00f3n, sino que se constituye en el entrecruce de lenguajes expresivos, metodolog\u00edas proyectuales, tramas culturales y urgencias hist\u00f3ricas.<\/p><p>La investigaci\u00f3n en Unibac asume como horizonte la necesidad de ampliar el campo epist\u00e9mico de las instituciones de educaci\u00f3n superior, reivindicando la creaci\u00f3n art\u00edstica, el dise\u00f1o, la comunicaci\u00f3n y la gesti\u00f3n cultural como modos leg\u00edtimos, complejos y situados de producci\u00f3n de saber. Esta ampliaci\u00f3n, sin embargo, no implica una anexi\u00f3n acr\u00edtica de estas pr\u00e1cticas al modelo cient\u00edfico tradicional, sino una reconfiguraci\u00f3n profunda de los reg\u00edmenes de validaci\u00f3n, circulaci\u00f3n y legitimaci\u00f3n del conocimiento. En este sentido, no se trata simplemente de integrar a las artes en la investigaci\u00f3n, sino de permitir que la investigaci\u00f3n misma sea transformada por las epistemolog\u00edas del arte.<\/p><p>En ese sentido nuestra misi\u00f3n en la direcci\u00f3n de investigaciones es fomentar en Unibac una cultura investigativa cr\u00edtica y situada que entrelace la creaci\u00f3n, la teor\u00eda y la acci\u00f3n en procesos formativos, art\u00edsticos y sociales que incidan de manera significativa en los territorios, los imaginarios y las estructuras culturales del Caribe colombiano y de la naci\u00f3n.<\/p><p>Nuestro objetivo es consolidar a Unibac como un nodo epist\u00e9mico de referencia en el \u00e1mbito de la investigaci\u00f3n creativa, el pensamiento proyectual y la exploraci\u00f3n cr\u00edtica de las pr\u00e1cticas est\u00e9tico-comunicativas, reconociendo la pluralidad de sus lenguajes, la especificidad de sus metodolog\u00edas y la potencia transformadora de sus intervenciones.<\/p><h3><i>Principios rectores<\/i><\/h3><ul><li>Reconocemos la existencia de formas de conocimiento que no se ajustan a los moldes l\u00f3gico-positivistas ni al discurso cient\u00edfico hegem\u00f3nico, pero que, sin embargo, despliegan una rigurosidad propia anclada en la sensibilidad, la experiencia y la producci\u00f3n de sentido.<\/li><li>Entendemos la confluencia de saberes no como mera colaboraci\u00f3n t\u00e9cnica, sino como una ruptura con las jerarqu\u00edas disciplinares tradicionales, abriendo paso a formas de pensamiento transversal, fronterizo y proyectual.<\/li><li>Situamos nuestros procesos de indagaci\u00f3n en el espesor hist\u00f3rico, cultural y ecol\u00f3gico del Caribe, no para esencializarlo, sino para hacerlo interlocutor epist\u00e9mico, archivo viviente y campo de transformaci\u00f3n.<\/li><li>La investigaci\u00f3n no se ense\u00f1a como contenido, se vive como experiencia. Por ello, nuestros semilleros y grupos no son instancias accesorias, sino dispositivos pedag\u00f3gicos donde se ensaya una \u00e9tica de la pregunta, una po\u00e9tica de la creaci\u00f3n y una pol\u00edtica de la escucha.<\/li><li>La investigaci\u00f3n en Unibac se despliega como un gesto de resistencia frente a la homogeneizaci\u00f3n cultural, recuperando saberes borrados, dando lugar a voces no normativas y construyendo futuros posibles a partir de las fracturas del presente.<\/li><\/ul><h3><i>Nuestra dedicaci\u00f3n<\/i><\/h3><p>Hoy, m\u00e1s de veinte semilleros activos y cuatro grupos de investigaci\u00f3n (abarcando campos tan diversos como las artes visuales y esc\u00e9nicas, el dise\u00f1o gr\u00e1fico e industrial, la comunicaci\u00f3n audiovisual, la m\u00fasica y la gesti\u00f3n cultural) configuran un ecosistema investigativo cuya riqueza radica precisamente en su heterogeneidad y en su vocaci\u00f3n cr\u00edtica.<\/p><p>Nos dedicamos a investigar desde la creaci\u00f3n, a crear desde la cr\u00edtica, y a formar desde la experiencia situada. Producimos obra, dispositivo, innovaci\u00f3n, memoria, intervenci\u00f3n y reflexi\u00f3n. Nuestro compromiso no es con la acumulaci\u00f3n cuantitativa de productos, sino con el enriquecimiento cualitativo de los procesos: con una investigaci\u00f3n que sea capaz de transformar no s\u00f3lo lo que se conoce, sino tambi\u00e9n c\u00f3mo se conoce, desde d\u00f3nde se conoce y para qu\u00e9 se conoce.<\/p><p>En Unibac, investigar es pensar haciendo y hacer pensando. Es crear en di\u00e1logo con el mundo, con sus tensiones y sus heridas articulando pr\u00e1cticas que cuestionan, desplazan y reconfiguran los modos establecidos de producci\u00f3n de sentido. No aspiramos a adaptarnos a un modelo externo: aspiramos a construir, desde nuestra singularidad institucional, epistemolog\u00edas que nos permitan habitar cr\u00edticamente el presente y proyectar otros futuros posibles.<\/p><p class=\"text-justify\" style=\"color: #fff !important;\">\u00a0<\/p>\t\t\t\t\t\t\t\t<\/div>\n\t\t\t\t<\/div>\n\t\t\t\t\t<\/div>\n\t\t<\/div>\n\t\t\t\t\t<\/div>\n\t\t<\/section>\n\t\t\t\t<\/div>\n\t\t","protected":false},"excerpt":{"rendered":"<p>Investigaci\u00f3n CIdesbac Sobre la investigaci\u00f3n en Unibac Grupos de Investigaci\u00f3n Semilleros de Investigaci\u00f3n Fondo Editorial Investigaci\u00f3n Sobre la Investigaci\u00f3n en [&hellip;]<\/p>\n","protected":false},"author":1,"featured_media":0,"parent":0,"menu_order":0,"comment_status":"closed","ping_status":"closed","template":"","meta":{"footnotes":""},"class_list":["post-27956","page","type-page","status-publish","hentry"],"_links":{"self":[{"href":"https:\/\/unibac.edu.co\/webnueva\/wp-json\/wp\/v2\/pages\/27956","targetHints":{"allow":["GET"]}}],"collection":[{"href":"https:\/\/unibac.edu.co\/webnueva\/wp-json\/wp\/v2\/pages"}],"about":[{"href":"https:\/\/unibac.edu.co\/webnueva\/wp-json\/wp\/v2\/types\/page"}],"author":[{"embeddable":true,"href":"https:\/\/unibac.edu.co\/webnueva\/wp-json\/wp\/v2\/users\/1"}],"replies":[{"embeddable":true,"href":"https:\/\/unibac.edu.co\/webnueva\/wp-json\/wp\/v2\/comments?post=27956"}],"version-history":[{"count":13,"href":"https:\/\/unibac.edu.co\/webnueva\/wp-json\/wp\/v2\/pages\/27956\/revisions"}],"predecessor-version":[{"id":27983,"href":"https:\/\/unibac.edu.co\/webnueva\/wp-json\/wp\/v2\/pages\/27956\/revisions\/27983"}],"wp:attachment":[{"href":"https:\/\/unibac.edu.co\/webnueva\/wp-json\/wp\/v2\/media?parent=27956"}],"curies":[{"name":"wp","href":"https:\/\/api.w.org\/{rel}","templated":true}]}}