{"id":12056,"date":"2021-12-05T12:16:16","date_gmt":"2021-12-05T17:16:16","guid":{"rendered":"https:\/\/unibac.edu.co\/webnueva\/?page_id=12056"},"modified":"2021-12-05T12:16:18","modified_gmt":"2021-12-05T17:16:18","slug":"instrumentos-de-la-gestion-de-informacion-publica","status":"publish","type":"page","link":"https:\/\/unibac.edu.co\/webnueva\/instrumentos-de-la-gestion-de-informacion-publica\/","title":{"rendered":"Instrumentos de la Gesti\u00f3n de Informaci\u00f3n P\u00fablica"},"content":{"rendered":"","protected":false},"excerpt":{"rendered":"","protected":false},"author":1,"featured_media":0,"parent":0,"menu_order":0,"comment_status":"closed","ping_status":"closed","template":"","meta":{"footnotes":""},"class_list":["post-12056","page","type-page","status-publish","hentry"],"_links":{"self":[{"href":"https:\/\/unibac.edu.co\/webnueva\/wp-json\/wp\/v2\/pages\/12056","targetHints":{"allow":["GET"]}}],"collection":[{"href":"https:\/\/unibac.edu.co\/webnueva\/wp-json\/wp\/v2\/pages"}],"about":[{"href":"https:\/\/unibac.edu.co\/webnueva\/wp-json\/wp\/v2\/types\/page"}],"author":[{"embeddable":true,"href":"https:\/\/unibac.edu.co\/webnueva\/wp-json\/wp\/v2\/users\/1"}],"replies":[{"embeddable":true,"href":"https:\/\/unibac.edu.co\/webnueva\/wp-json\/wp\/v2\/comments?post=12056"}],"version-history":[{"count":1,"href":"https:\/\/unibac.edu.co\/webnueva\/wp-json\/wp\/v2\/pages\/12056\/revisions"}],"predecessor-version":[{"id":12057,"href":"https:\/\/unibac.edu.co\/webnueva\/wp-json\/wp\/v2\/pages\/12056\/revisions\/12057"}],"wp:attachment":[{"href":"https:\/\/unibac.edu.co\/webnueva\/wp-json\/wp\/v2\/media?parent=12056"}],"curies":[{"name":"wp","href":"https:\/\/api.w.org\/{rel}","templated":true}]}}